{"id":12,"date":"2021-03-03T21:02:00","date_gmt":"2021-03-03T21:02:00","guid":{"rendered":"http:\/\/place4all.pt\/?page_id=12"},"modified":"2021-03-14T19:30:15","modified_gmt":"2021-03-14T19:30:15","slug":"teste1","status":"publish","type":"page","link":"https:\/\/place4all.pt\/?page_id=12","title":{"rendered":"Vis\u00e3o, miss\u00e3o e valores"},"content":{"rendered":"\n<div class=\"wp-block-image\"><figure class=\"aligncenter is-resized\"><img loading=\"lazy\" decoding=\"async\" src=\"https:\/\/place4all.pt\/wp-content\/uploads\/2021\/03\/18664648_1207306786045156_6520744308515692770_n.jpg\" alt=\"\" width=\"720\" height=\"540\"\/><\/figure><\/div>\n\n\n\n<p><strong>Miss\u00e3o<\/strong><br>A nossa miss\u00e3o \u00e9 ser um centro de inclus\u00e3o e desenvolvimento de refer\u00eancia ao n\u00edvel da educa\u00e7\u00e3o e inclus\u00e3o ao servi\u00e7o da comunidade.<\/p>\n\n\n\n<p><strong>Vis\u00e3o<\/strong><br>O Col\u00e9gio Place4all pretende ser uma resposta social de refer\u00eancia ao n\u00edvel da inf\u00e2ncia do ponto de vista pedag\u00f3gico e da inclus\u00e3o, ser um espa\u00e7o integrador e integrado onde \u00e9 providenciado um conjunto de respostas e servi\u00e7os, que contribuem para o pleno desenvolvimento de cada crian\u00e7a.<\/p>\n\n\n\n<p><strong>Valores<\/strong><br>Diversidade, realiza\u00e7\u00e3o pessoal, alegria, inclus\u00e3o e flexibilidade.<\/p>\n","protected":false},"excerpt":{"rendered":"<p>Miss\u00e3oA nossa miss\u00e3o \u00e9 ser um centro de inclus\u00e3o e desenvolvimento de refer\u00eancia ao n\u00edvel da educa\u00e7\u00e3o e inclus\u00e3o ao servi\u00e7o da comunidade. Vis\u00e3oO Col\u00e9gio Place4all pretende ser uma resposta social de refer\u00eancia ao n\u00edvel&hellip;<\/p>\n","protected":false},"author":1,"featured_media":0,"parent":53,"menu_order":10,"comment_status":"closed","ping_status":"closed","template":"","meta":{"footnotes":""},"class_list":["post-12","page","type-page","status-publish","hentry"],"_links":{"self":[{"href":"https:\/\/place4all.pt\/index.php?rest_route=\/wp\/v2\/pages\/12","targetHints":{"allow":["GET"]}}],"collection":[{"href":"https:\/\/place4all.pt\/index.php?rest_route=\/wp\/v2\/pages"}],"about":[{"href":"https:\/\/place4all.pt\/index.php?rest_route=\/wp\/v2\/types\/page"}],"author":[{"embeddable":true,"href":"https:\/\/place4all.pt\/index.php?rest_route=\/wp\/v2\/users\/1"}],"replies":[{"embeddable":true,"href":"https:\/\/place4all.pt\/index.php?rest_route=%2Fwp%2Fv2%2Fcomments&post=12"}],"version-history":[{"count":12,"href":"https:\/\/place4all.pt\/index.php?rest_route=\/wp\/v2\/pages\/12\/revisions"}],"predecessor-version":[{"id":584,"href":"https:\/\/place4all.pt\/index.php?rest_route=\/wp\/v2\/pages\/12\/revisions\/584"}],"up":[{"embeddable":true,"href":"https:\/\/place4all.pt\/index.php?rest_route=\/wp\/v2\/pages\/53"}],"wp:attachment":[{"href":"https:\/\/place4all.pt\/index.php?rest_route=%2Fwp%2Fv2%2Fmedia&parent=12"}],"curies":[{"name":"wp","href":"https:\/\/api.w.org\/{rel}","templated":true}]}}