{"id":23,"date":"2021-03-03T21:11:26","date_gmt":"2021-03-03T21:11:26","guid":{"rendered":"http:\/\/place4all.pt\/?page_id=23"},"modified":"2021-03-14T19:39:05","modified_gmt":"2021-03-14T19:39:05","slug":"creche","status":"publish","type":"page","link":"https:\/\/place4all.pt\/?page_id=23","title":{"rendered":"Creche"},"content":{"rendered":"\n<div class=\"wp-block-image\"><figure class=\"aligncenter size-large is-resized\"><img loading=\"lazy\" decoding=\"async\" src=\"https:\/\/place4all.pt\/wp-content\/uploads\/2021\/03\/acavalinho-1024x443.jpg\" alt=\"\" class=\"wp-image-83\" width=\"768\" height=\"332\" srcset=\"https:\/\/place4all.pt\/wp-content\/uploads\/2021\/03\/acavalinho-1024x443.jpg 1024w, https:\/\/place4all.pt\/wp-content\/uploads\/2021\/03\/acavalinho-300x130.jpg 300w, https:\/\/place4all.pt\/wp-content\/uploads\/2021\/03\/acavalinho-768x332.jpg 768w, https:\/\/place4all.pt\/wp-content\/uploads\/2021\/03\/acavalinho-1536x664.jpg 1536w, https:\/\/place4all.pt\/wp-content\/uploads\/2021\/03\/acavalinho-2048x886.jpg 2048w, https:\/\/place4all.pt\/wp-content\/uploads\/2021\/03\/acavalinho-1100x476.jpg 1100w\" sizes=\"auto, (max-width: 768px) 100vw, 768px\" \/><\/figure><\/div>\n\n\n\n<p><strong>Quem somos?<\/strong><\/p>\n\n\n\n<p>A equipa da creche \u00e9 uma equipa multidisciplinar, composta por elementos com forma\u00e7\u00e3o em educa\u00e7\u00e3o de inf\u00e2ncia, auxiliares de a\u00e7\u00e3o educativa, professor(a) de m\u00fasica, t\u00e9cnicos especializados em reabilita\u00e7\u00e3o psicomotora, terapia da fala, terapia ocupacional e psic\u00f3logo(a), o que possibilita oferecer uma resposta diferenciada e espec\u00edfica \u00e0s caracter\u00edsticas de cada crian\u00e7a.<\/p>\n\n\n\n<p><strong>A quem se dirige?<\/strong><\/p>\n\n\n\n<p>A creche destina-se a crian\u00e7as com idades compreendidas entre os 5 meses e os 36 meses.<\/p>\n\n\n\n<p><strong>Como estamos organizados?<\/strong><\/p>\n\n\n\n<p>O Col\u00e9gio disp\u00f5e das seguintes salas:<\/p>\n\n\n\n<ul class=\"wp-block-list\"><li>Sala de <strong>transi\u00e7\u00e3o<\/strong> para crian\u00e7as a partir dos 5 meses at\u00e9 12 meses;<\/li><li>Sala de <strong>1 ano<\/strong> para crian\u00e7as que fa\u00e7am os 12 meses feitos at\u00e9 dezembro do ano corrente aos 24 meses;<\/li><li>Sala de <strong>2 anos<\/strong> para crian\u00e7as que fa\u00e7am os 24 meses at\u00e9 dezembro do ano corrente aos 36 meses.<\/li><\/ul>\n\n\n\n<p>A organiza\u00e7\u00e3o das salas tem em conta a idade das crian\u00e7as, os interesses e o n\u00famero de alunos por sala.&nbsp;<\/p>\n\n\n\n<p>As salas est\u00e3o estruturadas em \u00e1reas de interesse\/conte\u00fado, apresentando uma din\u00e2mica flex\u00edvel em fun\u00e7\u00e3o do perfil e do centro de interesses do grupo e da sua evolu\u00e7\u00e3o ao longo do ano letivo.&nbsp;Inspirado no MEM, as \u00e1reas que se poder\u00e3o criar numa sala tem em conta a tabela infra:<\/p>\n\n\n\n<figure class=\"wp-block-image is-resized\"><img loading=\"lazy\" decoding=\"async\" src=\"https:\/\/lh5.googleusercontent.com\/CgIhBJZGtWbzCJGj8gZkiz6kwuzJSmSyDB6bhLMFGEfn5CbGyoWO-1x5CKMBfGWh3vnqht_3jl9Lq7FniaOAvD9BbLUwN7_l-gGxvQXr8cIN_efKsOBf6zYXHtYF1qnyYQg5DMGW\" alt=\"\" width=\"505\" height=\"126\"\/><\/figure>\n\n\n\n<p>O dia tipo\u00a0de cada sala \u00e9 estruturado da seguinte forma:<\/p>\n\n\n\n<p><img decoding=\"async\" src=\"https:\/\/lh6.googleusercontent.com\/xYqXYHaOcQEd6KbUWowkkYaJ8OUG6ntT8slanDy3fvojht673tLQQErA_QJ563KASzPFl7FRFXxgtTvBZ-m9976eY73PC-S3LL89PZmHVfHD3o2384NEAiWBuPReTOgvp91mgJmb\" style=\"width: 500px;\">&nbsp;<\/p>\n\n\n\n<p><strong>Que metodologias pedag\u00f3gicas implementamos?<\/strong><\/p>\n\n\n\n<p>A nossa pr\u00e1tica pedag\u00f3gica inspira-se nas orienta\u00e7\u00f5es da metodologia High-Scope e no Movimento da Escola Moderna (MEM).<\/p>\n\n\n\n<p>O nosso projeto educativo baseia-se nos princ\u00edpios da aprendizagem ativa, onde a crian\u00e7a se torna a principal interveniente no processo de aprendizagem, pois \u00e9 com base nos seus interesses e necessidades que constr\u00f3i as suas aquisi\u00e7\u00f5es. Sendo os ingredientes da aprendizagem ativa, em crian\u00e7as de creche:<\/p>\n\n\n\n<p>a) Aprendem num contexto de rela\u00e7\u00f5es de confian\u00e7a;<br>b) Aprendem porque querem;<br>c) Comunicam aquilo que sabem;<br>d) Aprendem com todo o seu corpo e todos os seus sentidos.<\/p>\n\n\n\n<p>As atividades promovidas na creche utilizam diferentes materiais e promovem a explora\u00e7\u00e3o dos v\u00e1rios sentidos e \u00e1reas de conte\u00fado.<\/p>\n\n\n\n<figure class=\"wp-block-gallery columns-3 is-cropped wp-block-gallery-1 is-layout-flex wp-block-gallery-is-layout-flex\"><ul class=\"blocks-gallery-grid\"><li class=\"blocks-gallery-item\"><figure><img loading=\"lazy\" decoding=\"async\" width=\"768\" height=\"1024\" src=\"https:\/\/place4all.pt\/wp-content\/uploads\/2021\/03\/IMG_2312-768x1024.jpg\" alt=\"\" data-id=\"291\" data-link=\"https:\/\/place4all.pt\/?attachment_id=291\" class=\"wp-image-291\" srcset=\"https:\/\/place4all.pt\/wp-content\/uploads\/2021\/03\/IMG_2312-768x1024.jpg 768w, https:\/\/place4all.pt\/wp-content\/uploads\/2021\/03\/IMG_2312-225x300.jpg 225w, https:\/\/place4all.pt\/wp-content\/uploads\/2021\/03\/IMG_2312-1152x1536.jpg 1152w, https:\/\/place4all.pt\/wp-content\/uploads\/2021\/03\/IMG_2312-1536x2048.jpg 1536w, https:\/\/place4all.pt\/wp-content\/uploads\/2021\/03\/IMG_2312-1100x1467.jpg 1100w, https:\/\/place4all.pt\/wp-content\/uploads\/2021\/03\/IMG_2312-scaled.jpg 1920w\" sizes=\"auto, (max-width: 768px) 100vw, 768px\" \/><\/figure><\/li><li class=\"blocks-gallery-item\"><figure><img loading=\"lazy\" decoding=\"async\" width=\"768\" height=\"1024\" src=\"https:\/\/place4all.pt\/wp-content\/uploads\/2021\/03\/IMG_5019-768x1024.jpg\" alt=\"\" data-id=\"292\" data-link=\"https:\/\/place4all.pt\/?attachment_id=292\" class=\"wp-image-292\" srcset=\"https:\/\/place4all.pt\/wp-content\/uploads\/2021\/03\/IMG_5019-768x1024.jpg 768w, https:\/\/place4all.pt\/wp-content\/uploads\/2021\/03\/IMG_5019-225x300.jpg 225w, https:\/\/place4all.pt\/wp-content\/uploads\/2021\/03\/IMG_5019-1152x1536.jpg 1152w, https:\/\/place4all.pt\/wp-content\/uploads\/2021\/03\/IMG_5019-1536x2048.jpg 1536w, https:\/\/place4all.pt\/wp-content\/uploads\/2021\/03\/IMG_5019-1100x1467.jpg 1100w, https:\/\/place4all.pt\/wp-content\/uploads\/2021\/03\/IMG_5019-scaled.jpg 1920w\" sizes=\"auto, (max-width: 768px) 100vw, 768px\" \/><\/figure><\/li><li class=\"blocks-gallery-item\"><figure><img loading=\"lazy\" decoding=\"async\" width=\"1024\" height=\"768\" src=\"https:\/\/place4all.pt\/wp-content\/uploads\/2021\/03\/IMG_9581-1024x768.jpg\" alt=\"\" data-id=\"297\" data-full-url=\"https:\/\/place4all.pt\/wp-content\/uploads\/2021\/03\/IMG_9581-scaled.jpg\" data-link=\"https:\/\/place4all.pt\/?attachment_id=297\" class=\"wp-image-297\" srcset=\"https:\/\/place4all.pt\/wp-content\/uploads\/2021\/03\/IMG_9581-1024x768.jpg 1024w, https:\/\/place4all.pt\/wp-content\/uploads\/2021\/03\/IMG_9581-300x225.jpg 300w, https:\/\/place4all.pt\/wp-content\/uploads\/2021\/03\/IMG_9581-768x576.jpg 768w, https:\/\/place4all.pt\/wp-content\/uploads\/2021\/03\/IMG_9581-1536x1152.jpg 1536w, https:\/\/place4all.pt\/wp-content\/uploads\/2021\/03\/IMG_9581-2048x1536.jpg 2048w, https:\/\/place4all.pt\/wp-content\/uploads\/2021\/03\/IMG_9581-1100x825.jpg 1100w\" sizes=\"auto, (max-width: 1024px) 100vw, 1024px\" \/><\/figure><\/li><li class=\"blocks-gallery-item\"><figure><img loading=\"lazy\" decoding=\"async\" width=\"408\" height=\"544\" src=\"https:\/\/place4all.pt\/wp-content\/uploads\/2021\/03\/fbc3a113-53e1-409a-b334-f10376a78863.jpg\" alt=\"\" data-id=\"289\" data-link=\"https:\/\/place4all.pt\/?attachment_id=289\" class=\"wp-image-289\" srcset=\"https:\/\/place4all.pt\/wp-content\/uploads\/2021\/03\/fbc3a113-53e1-409a-b334-f10376a78863.jpg 408w, https:\/\/place4all.pt\/wp-content\/uploads\/2021\/03\/fbc3a113-53e1-409a-b334-f10376a78863-225x300.jpg 225w\" sizes=\"auto, (max-width: 408px) 100vw, 408px\" \/><\/figure><\/li><li class=\"blocks-gallery-item\"><figure><img loading=\"lazy\" decoding=\"async\" width=\"1003\" height=\"1024\" src=\"https:\/\/place4all.pt\/wp-content\/uploads\/2021\/03\/1-ano-1003x1024.jpg\" alt=\"\" data-id=\"287\" data-link=\"https:\/\/place4all.pt\/?attachment_id=287\" class=\"wp-image-287\" srcset=\"https:\/\/place4all.pt\/wp-content\/uploads\/2021\/03\/1-ano-1003x1024.jpg 1003w, https:\/\/place4all.pt\/wp-content\/uploads\/2021\/03\/1-ano-294x300.jpg 294w, https:\/\/place4all.pt\/wp-content\/uploads\/2021\/03\/1-ano-768x784.jpg 768w, https:\/\/place4all.pt\/wp-content\/uploads\/2021\/03\/1-ano-1504x1536.jpg 1504w, https:\/\/place4all.pt\/wp-content\/uploads\/2021\/03\/1-ano-1100x1123.jpg 1100w, https:\/\/place4all.pt\/wp-content\/uploads\/2021\/03\/1-ano.jpg 1512w\" sizes=\"auto, (max-width: 1003px) 100vw, 1003px\" \/><\/figure><\/li><li class=\"blocks-gallery-item\"><figure><img loading=\"lazy\" decoding=\"async\" width=\"1024\" height=\"768\" src=\"https:\/\/place4all.pt\/wp-content\/uploads\/2021\/03\/IMG_5572-1024x768.jpg\" alt=\"\" data-id=\"293\" data-link=\"https:\/\/place4all.pt\/?attachment_id=293\" class=\"wp-image-293\" srcset=\"https:\/\/place4all.pt\/wp-content\/uploads\/2021\/03\/IMG_5572-1024x768.jpg 1024w, https:\/\/place4all.pt\/wp-content\/uploads\/2021\/03\/IMG_5572-300x225.jpg 300w, https:\/\/place4all.pt\/wp-content\/uploads\/2021\/03\/IMG_5572-768x576.jpg 768w, https:\/\/place4all.pt\/wp-content\/uploads\/2021\/03\/IMG_5572-1536x1152.jpg 1536w, https:\/\/place4all.pt\/wp-content\/uploads\/2021\/03\/IMG_5572-2048x1536.jpg 2048w, https:\/\/place4all.pt\/wp-content\/uploads\/2021\/03\/IMG_5572-1100x825.jpg 1100w\" sizes=\"auto, (max-width: 1024px) 100vw, 1024px\" \/><\/figure><\/li><li class=\"blocks-gallery-item\"><figure><img loading=\"lazy\" decoding=\"async\" width=\"1024\" height=\"768\" src=\"https:\/\/place4all.pt\/wp-content\/uploads\/2021\/03\/IMG_2364-1024x768.jpg\" alt=\"\" data-id=\"295\" data-link=\"https:\/\/place4all.pt\/?attachment_id=295\" class=\"wp-image-295\" srcset=\"https:\/\/place4all.pt\/wp-content\/uploads\/2021\/03\/IMG_2364-1024x768.jpg 1024w, https:\/\/place4all.pt\/wp-content\/uploads\/2021\/03\/IMG_2364-300x225.jpg 300w, https:\/\/place4all.pt\/wp-content\/uploads\/2021\/03\/IMG_2364-768x576.jpg 768w, https:\/\/place4all.pt\/wp-content\/uploads\/2021\/03\/IMG_2364-1536x1152.jpg 1536w, https:\/\/place4all.pt\/wp-content\/uploads\/2021\/03\/IMG_2364-2048x1536.jpg 2048w, https:\/\/place4all.pt\/wp-content\/uploads\/2021\/03\/IMG_2364-1100x825.jpg 1100w\" sizes=\"auto, (max-width: 1024px) 100vw, 1024px\" \/><\/figure><\/li><li class=\"blocks-gallery-item\"><figure><img loading=\"lazy\" decoding=\"async\" width=\"1024\" height=\"768\" src=\"https:\/\/place4all.pt\/wp-content\/uploads\/2021\/03\/Sala-1-ano-3-1-1024x768.jpg\" alt=\"\" data-id=\"296\" data-link=\"https:\/\/place4all.pt\/?attachment_id=296\" class=\"wp-image-296\" srcset=\"https:\/\/place4all.pt\/wp-content\/uploads\/2021\/03\/Sala-1-ano-3-1-1024x768.jpg 1024w, https:\/\/place4all.pt\/wp-content\/uploads\/2021\/03\/Sala-1-ano-3-1-300x225.jpg 300w, https:\/\/place4all.pt\/wp-content\/uploads\/2021\/03\/Sala-1-ano-3-1-768x576.jpg 768w, https:\/\/place4all.pt\/wp-content\/uploads\/2021\/03\/Sala-1-ano-3-1-1536x1152.jpg 1536w, https:\/\/place4all.pt\/wp-content\/uploads\/2021\/03\/Sala-1-ano-3-1-2048x1536.jpg 2048w, https:\/\/place4all.pt\/wp-content\/uploads\/2021\/03\/Sala-1-ano-3-1-1100x825.jpg 1100w\" sizes=\"auto, (max-width: 1024px) 100vw, 1024px\" \/><\/figure><\/li><li class=\"blocks-gallery-item\"><figure><img loading=\"lazy\" decoding=\"async\" width=\"1024\" height=\"1024\" src=\"https:\/\/place4all.pt\/wp-content\/uploads\/2021\/03\/Zoo-4.jpg\" alt=\"\" data-id=\"290\" data-link=\"https:\/\/place4all.pt\/?attachment_id=290\" class=\"wp-image-290\" srcset=\"https:\/\/place4all.pt\/wp-content\/uploads\/2021\/03\/Zoo-4.jpg 1024w, https:\/\/place4all.pt\/wp-content\/uploads\/2021\/03\/Zoo-4-300x300.jpg 300w, https:\/\/place4all.pt\/wp-content\/uploads\/2021\/03\/Zoo-4-150x150.jpg 150w, https:\/\/place4all.pt\/wp-content\/uploads\/2021\/03\/Zoo-4-768x768.jpg 768w\" sizes=\"auto, (max-width: 1024px) 100vw, 1024px\" \/><\/figure><\/li><\/ul><\/figure>\n\n\n\n<p><strong>Que instrumentos de pilotagem utilizamos?<\/strong><\/p>\n\n\n\n<p><\/p>\n\n\n\n<p>A partir dos 1 ano come\u00e7am a ser introduzidos alguns instrumentos de pilotagem, nomeadamente:<br><strong>Mapa de Presen\u00e7as<\/strong>: desenvolve o sentido de individualidade e o sentimento de perten\u00e7a ao grupo; no\u00e7\u00f5es temporais e no\u00e7\u00f5es matem\u00e1ticas).<\/p>\n\n\n\n<p><strong>Em resumo \u2026&nbsp;<\/strong><\/p>\n\n\n\n<p>&#8211; Valorizamos uma rela\u00e7\u00e3o de proximidade, confian\u00e7a, afetiva e positiva entre as crian\u00e7as e a equipa pedag\u00f3gica;<br>&#8211; Preconizamos um ensino individualizado, respeitando o ritmo de cada crian\u00e7a;<br>&#8211; Proporcionamos \u00e0 crian\u00e7a, experi\u00eancias significativas que lhe permitem desenvolver compet\u00eancias pessoais, emocionais, sociais e cognitivas;&nbsp;&nbsp;<br>&#8211; Temos uma abordagem pedag\u00f3gica transdisciplinar;&nbsp;<br>&#8211; As atividades ao ar livre fazem parte da rotina di\u00e1ria das nossas crian\u00e7as, em qualquer esta\u00e7\u00e3o do ano;<br>&#8211; Promovemos o envolvimento dos pais e fam\u00edlias no processo educativo das crian\u00e7as na din\u00e2mica do col\u00e9gio, criando v\u00e1rios momentos formais e informais para o efeito;<br>&#8211; Somos \u201cUm espa\u00e7o de aprendizagem e alegria\u201d!<\/p>\n\n\n\n<p><\/p>\n\n\n\n<p><\/p>\n\n\n\n<p><\/p>\n\n\n\n<p><\/p>\n\n\n\n<p><\/p>\n\n\n\n<p><\/p>\n","protected":false},"excerpt":{"rendered":"<p>Quem somos? A equipa da creche \u00e9 uma equipa multidisciplinar, composta por elementos com forma\u00e7\u00e3o em educa\u00e7\u00e3o de inf\u00e2ncia, auxiliares de a\u00e7\u00e3o educativa, professor(a) de m\u00fasica, t\u00e9cnicos especializados em reabilita\u00e7\u00e3o psicomotora, terapia da fala, terapia&hellip;<\/p>\n","protected":false},"author":1,"featured_media":0,"parent":56,"menu_order":20,"comment_status":"closed","ping_status":"closed","template":"","meta":{"footnotes":""},"class_list":["post-23","page","type-page","status-publish","hentry"],"_links":{"self":[{"href":"https:\/\/place4all.pt\/index.php?rest_route=\/wp\/v2\/pages\/23","targetHints":{"allow":["GET"]}}],"collection":[{"href":"https:\/\/place4all.pt\/index.php?rest_route=\/wp\/v2\/pages"}],"about":[{"href":"https:\/\/place4all.pt\/index.php?rest_route=\/wp\/v2\/types\/page"}],"author":[{"embeddable":true,"href":"https:\/\/place4all.pt\/index.php?rest_route=\/wp\/v2\/users\/1"}],"replies":[{"embeddable":true,"href":"https:\/\/place4all.pt\/index.php?rest_route=%2Fwp%2Fv2%2Fcomments&post=23"}],"version-history":[{"count":8,"href":"https:\/\/place4all.pt\/index.php?rest_route=\/wp\/v2\/pages\/23\/revisions"}],"predecessor-version":[{"id":597,"href":"https:\/\/place4all.pt\/index.php?rest_route=\/wp\/v2\/pages\/23\/revisions\/597"}],"up":[{"embeddable":true,"href":"https:\/\/place4all.pt\/index.php?rest_route=\/wp\/v2\/pages\/56"}],"wp:attachment":[{"href":"https:\/\/place4all.pt\/index.php?rest_route=%2Fwp%2Fv2%2Fmedia&parent=23"}],"curies":[{"name":"wp","href":"https:\/\/api.w.org\/{rel}","templated":true}]}}