{"id":27,"date":"2021-03-03T21:12:48","date_gmt":"2021-03-03T21:12:48","guid":{"rendered":"http:\/\/place4all.pt\/?page_id=27"},"modified":"2021-03-14T19:45:51","modified_gmt":"2021-03-14T19:45:51","slug":"1o-ciclo","status":"publish","type":"page","link":"https:\/\/place4all.pt\/?page_id=27","title":{"rendered":"1\u00ba ciclo"},"content":{"rendered":"\n<div class=\"wp-block-image\"><figure class=\"aligncenter size-large is-resized\"><img loading=\"lazy\" decoding=\"async\" src=\"https:\/\/place4all.pt\/wp-content\/uploads\/2021\/03\/IMG-20210303-WA0026-768x1024.jpg\" alt=\"\" class=\"wp-image-112\" width=\"384\" height=\"512\" srcset=\"https:\/\/place4all.pt\/wp-content\/uploads\/2021\/03\/IMG-20210303-WA0026-768x1024.jpg 768w, https:\/\/place4all.pt\/wp-content\/uploads\/2021\/03\/IMG-20210303-WA0026-225x300.jpg 225w, https:\/\/place4all.pt\/wp-content\/uploads\/2021\/03\/IMG-20210303-WA0026-1152x1536.jpg 1152w, https:\/\/place4all.pt\/wp-content\/uploads\/2021\/03\/IMG-20210303-WA0026-1100x1467.jpg 1100w, https:\/\/place4all.pt\/wp-content\/uploads\/2021\/03\/IMG-20210303-WA0026.jpg 1440w\" sizes=\"auto, (max-width: 384px) 100vw, 384px\" \/><\/figure><\/div>\n\n\n\n<p><strong>Quem somos?<\/strong><\/p>\n\n\n\n<p>A equipa do 1.\u00ba ciclo \u00e9 uma equipa multidisciplinar composta por elementos com especializa\u00e7\u00f5es variadas e complementares entre si, o que possibilita oferecer uma resposta diferenciada e espec\u00edfica \u00e0s caracter\u00edsticas de cada crian\u00e7a. O aluno \u00e9 o centro da sua pr\u00f3pria aprendizagem, sendo que o principal objetivo desta equipa \u00e9 respeitar os seus interesses, necessidades e potencialidades em prol do sucesso escolar e pessoal de cada um. Deste modo, esta equipa \u00e9 constitu\u00edda por: professores de 1.\u00ba ciclo, ensino especial, ensino da l\u00edngua inglesa e ensino de m\u00fasica; t\u00e9cnicos especializados em reabilita\u00e7\u00e3o psicomotora, terapia da fala, terapia ocupacional e psicologia.<\/p>\n\n\n\n<p><strong>A quem se dirige?<\/strong><\/p>\n\n\n\n<p>Esta oferta educativa destina-se a crian\u00e7as com idades compreendidas entre os 5 e os 12 anos. Adicionalmente, fornecemos uma resposta educativa\/formativa para crian\u00e7as com idade superior a 12 anos ao n\u00edvel de programas de desenvolvimento de compet\u00eancias.<\/p>\n\n\n\n<p><strong>Como estamos organizados?<\/strong><\/p>\n\n\n\n<p>Genericamente, organizamo-nos em salas heterog\u00e9neas de 1.\u00ba\/2.\u00ba ano e 3.\u00ba\/4.\u00ba ano, e contamos, ainda, com um Centro de Apoio \u00e0 Aprendizagem (CAA). Esta organiza\u00e7\u00e3o \u00e9 flex\u00edvel, podendo variar, mediante as carater\u00edsticas espec\u00edficas dos alunos que comp\u00f5em as turmas. Cada turma \u00e9 composta, no m\u00e1ximo, por dezoito alunos.<\/p>\n\n\n\n<p>O dia tipo&nbsp; das turmas \u00e9 estruturado da seguinte forma:&nbsp;<\/p>\n\n\n\n<figure class=\"wp-block-image is-resized\"><img loading=\"lazy\" decoding=\"async\" src=\"https:\/\/lh3.googleusercontent.com\/K5dd7AMOC2D7VYc5Xsh3bpjJ_eLtetrAvm4saEWnYQd1dvbDN8Ka3v6ENX4xZ_hJqsUeCGRLfWqyR-BBOEMlbuVoJr6L7zWiy4gNygMtyiQZIcZ_xca2emkxXvTQs_ZwZ3BwSMR4\" alt=\"\" width=\"627\" height=\"437\"\/><\/figure>\n\n\n\n<p>Os dias iniciam e culminam com <strong>reuni\u00f5es de grande grupo<\/strong>. No per\u00edodo da manh\u00e3, partilham-se novidades, planeiam-se as atividades a realizar e trabalham-se conte\u00fados curriculares que exigem maior concentra\u00e7\u00e3o por parte dos alunos (<strong>Portugu\u00eas e Matem\u00e1tica<\/strong>). Da parte da tarde, s\u00e3o propostas atividades que estimulam a <strong>criatividade e o saber expressar-se<\/strong> (Express\u00e3o F\u00edsico-Motora, Pl\u00e1stica, Dram\u00e1tica, Ingl\u00eas e M\u00fasica).&nbsp;<\/p>\n\n\n\n<figure class=\"wp-block-gallery columns-3 is-cropped wp-block-gallery-1 is-layout-flex wp-block-gallery-is-layout-flex\"><ul class=\"blocks-gallery-grid\"><li class=\"blocks-gallery-item\"><figure><img loading=\"lazy\" decoding=\"async\" width=\"1024\" height=\"905\" src=\"https:\/\/place4all.pt\/wp-content\/uploads\/2021\/03\/IMG-20210304-WA0058-1024x905.jpg\" alt=\"\" data-id=\"528\" data-link=\"https:\/\/place4all.pt\/?attachment_id=528\" class=\"wp-image-528\" srcset=\"https:\/\/place4all.pt\/wp-content\/uploads\/2021\/03\/IMG-20210304-WA0058-1024x905.jpg 1024w, https:\/\/place4all.pt\/wp-content\/uploads\/2021\/03\/IMG-20210304-WA0058-300x265.jpg 300w, https:\/\/place4all.pt\/wp-content\/uploads\/2021\/03\/IMG-20210304-WA0058-768x678.jpg 768w, https:\/\/place4all.pt\/wp-content\/uploads\/2021\/03\/IMG-20210304-WA0058-1536x1357.jpg 1536w, https:\/\/place4all.pt\/wp-content\/uploads\/2021\/03\/IMG-20210304-WA0058-1100x972.jpg 1100w, https:\/\/place4all.pt\/wp-content\/uploads\/2021\/03\/IMG-20210304-WA0058.jpg 1920w\" sizes=\"auto, (max-width: 1024px) 100vw, 1024px\" \/><\/figure><\/li><li class=\"blocks-gallery-item\"><figure><img loading=\"lazy\" decoding=\"async\" width=\"1024\" height=\"768\" src=\"https:\/\/place4all.pt\/wp-content\/uploads\/2021\/03\/IMG-20210304-WA0051-1024x768.jpg\" alt=\"\" data-id=\"527\" data-link=\"https:\/\/place4all.pt\/?attachment_id=527\" class=\"wp-image-527\" srcset=\"https:\/\/place4all.pt\/wp-content\/uploads\/2021\/03\/IMG-20210304-WA0051-1024x768.jpg 1024w, https:\/\/place4all.pt\/wp-content\/uploads\/2021\/03\/IMG-20210304-WA0051-300x225.jpg 300w, https:\/\/place4all.pt\/wp-content\/uploads\/2021\/03\/IMG-20210304-WA0051-768x576.jpg 768w, https:\/\/place4all.pt\/wp-content\/uploads\/2021\/03\/IMG-20210304-WA0051-1536x1153.jpg 1536w, https:\/\/place4all.pt\/wp-content\/uploads\/2021\/03\/IMG-20210304-WA0051-1100x825.jpg 1100w, https:\/\/place4all.pt\/wp-content\/uploads\/2021\/03\/IMG-20210304-WA0051.jpg 1919w\" sizes=\"auto, (max-width: 1024px) 100vw, 1024px\" \/><\/figure><\/li><li class=\"blocks-gallery-item\"><figure><img loading=\"lazy\" decoding=\"async\" width=\"1024\" height=\"724\" src=\"https:\/\/place4all.pt\/wp-content\/uploads\/2021\/03\/IMG_20210306_221700-1024x724.jpg\" alt=\"\" data-id=\"526\" data-link=\"https:\/\/place4all.pt\/?attachment_id=526\" class=\"wp-image-526\" srcset=\"https:\/\/place4all.pt\/wp-content\/uploads\/2021\/03\/IMG_20210306_221700-1024x724.jpg 1024w, https:\/\/place4all.pt\/wp-content\/uploads\/2021\/03\/IMG_20210306_221700-300x212.jpg 300w, https:\/\/place4all.pt\/wp-content\/uploads\/2021\/03\/IMG_20210306_221700-768x543.jpg 768w, https:\/\/place4all.pt\/wp-content\/uploads\/2021\/03\/IMG_20210306_221700-1100x777.jpg 1100w, https:\/\/place4all.pt\/wp-content\/uploads\/2021\/03\/IMG_20210306_221700.jpg 1503w\" sizes=\"auto, (max-width: 1024px) 100vw, 1024px\" \/><\/figure><\/li><li class=\"blocks-gallery-item\"><figure><img loading=\"lazy\" decoding=\"async\" width=\"768\" height=\"1024\" src=\"https:\/\/place4all.pt\/wp-content\/uploads\/2021\/03\/IMG-20210303-WA0022-768x1024.jpg\" alt=\"\" data-id=\"506\" data-link=\"https:\/\/place4all.pt\/?attachment_id=506\" class=\"wp-image-506\" srcset=\"https:\/\/place4all.pt\/wp-content\/uploads\/2021\/03\/IMG-20210303-WA0022-768x1024.jpg 768w, https:\/\/place4all.pt\/wp-content\/uploads\/2021\/03\/IMG-20210303-WA0022-225x300.jpg 225w, https:\/\/place4all.pt\/wp-content\/uploads\/2021\/03\/IMG-20210303-WA0022-1152x1536.jpg 1152w, https:\/\/place4all.pt\/wp-content\/uploads\/2021\/03\/IMG-20210303-WA0022-1100x1467.jpg 1100w, https:\/\/place4all.pt\/wp-content\/uploads\/2021\/03\/IMG-20210303-WA0022.jpg 1440w\" sizes=\"auto, (max-width: 768px) 100vw, 768px\" \/><\/figure><\/li><li class=\"blocks-gallery-item\"><figure><img loading=\"lazy\" decoding=\"async\" width=\"768\" height=\"1024\" src=\"https:\/\/place4all.pt\/wp-content\/uploads\/2021\/03\/IMG-20210303-WA0019-1-768x1024.jpg\" alt=\"\" data-id=\"529\" data-full-url=\"https:\/\/place4all.pt\/wp-content\/uploads\/2021\/03\/IMG-20210303-WA0019-1.jpg\" data-link=\"https:\/\/place4all.pt\/?attachment_id=529\" class=\"wp-image-529\" srcset=\"https:\/\/place4all.pt\/wp-content\/uploads\/2021\/03\/IMG-20210303-WA0019-1-768x1024.jpg 768w, https:\/\/place4all.pt\/wp-content\/uploads\/2021\/03\/IMG-20210303-WA0019-1-225x300.jpg 225w, https:\/\/place4all.pt\/wp-content\/uploads\/2021\/03\/IMG-20210303-WA0019-1-1152x1536.jpg 1152w, https:\/\/place4all.pt\/wp-content\/uploads\/2021\/03\/IMG-20210303-WA0019-1-1100x1467.jpg 1100w, https:\/\/place4all.pt\/wp-content\/uploads\/2021\/03\/IMG-20210303-WA0019-1.jpg 1440w\" sizes=\"auto, (max-width: 768px) 100vw, 768px\" \/><\/figure><\/li><li class=\"blocks-gallery-item\"><figure><img loading=\"lazy\" decoding=\"async\" width=\"1024\" height=\"1024\" src=\"https:\/\/place4all.pt\/wp-content\/uploads\/2021\/03\/image3-1024x1024.jpeg\" alt=\"\" data-id=\"504\" data-link=\"https:\/\/place4all.pt\/?attachment_id=504\" class=\"wp-image-504\" srcset=\"https:\/\/place4all.pt\/wp-content\/uploads\/2021\/03\/image3-1024x1024.jpeg 1024w, https:\/\/place4all.pt\/wp-content\/uploads\/2021\/03\/image3-300x300.jpeg 300w, https:\/\/place4all.pt\/wp-content\/uploads\/2021\/03\/image3-150x150.jpeg 150w, https:\/\/place4all.pt\/wp-content\/uploads\/2021\/03\/image3-768x768.jpeg 768w, https:\/\/place4all.pt\/wp-content\/uploads\/2021\/03\/image3-1536x1536.jpeg 1536w, https:\/\/place4all.pt\/wp-content\/uploads\/2021\/03\/image3-2048x2048.jpeg 2048w, https:\/\/place4all.pt\/wp-content\/uploads\/2021\/03\/image3-1100x1100.jpeg 1100w\" sizes=\"auto, (max-width: 1024px) 100vw, 1024px\" \/><\/figure><\/li><\/ul><\/figure>\n\n\n\n<p>No que diz respeito \u00e0<strong> avalia\u00e7\u00e3o das aprendizagens<\/strong>, esta decorre de forma <strong>cont\u00ednua<\/strong>, ao longo do ano, exigindo aos docentes\/t\u00e9cnicos uma recolha sistem\u00e1tica de informa\u00e7\u00e3o sobre o desenvolvimento global do aluno. Existem quatro tipos de avalia\u00e7\u00e3o: a diagn\u00f3stica, a formativa, a formadora\/reguladora e a sumativa.<\/p>\n\n\n\n<p><strong>Que metodologias pedag\u00f3gicas implementamos?<\/strong><\/p>\n\n\n\n<p>O nosso projeto educativo pretende formar alunos aut\u00f3nomos, respons\u00e1veis, solid\u00e1rios e resilientes, promovendo assim o <strong>aprender a conhecer, a fazer, a ser e a estar<\/strong>. O aluno \u00e9 o centro de toda a aprendizagem, cabendo ao professor proporcionar experi\u00eancias significativas, diversificadas e cooperativas entre os alunos e com a restante comunidade educativa.&nbsp;<\/p>\n\n\n\n<p>A nossa pr\u00e1tica pedag\u00f3gica inspira-se nas orienta\u00e7\u00f5es do Movimento da Escola Moderna (MEM), e, por isso, defendemos a colabora\u00e7\u00e3o dos alunos na planifica\u00e7\u00e3o, gest\u00e3o e avalia\u00e7\u00e3o das atividades curriculares.&nbsp;<\/p>\n\n\n\n<p>Atendendo a que cada crian\u00e7a \u00e9 um ser \u00fanico e singular, preconizamos uma pr\u00e1tica de <strong>ensino individualizado<\/strong>, no qual o professor acompanha o ritmo&nbsp; e os interesses dos alunos, adequando as estrat\u00e9gias e atividades ao perfil de cada um.<\/p>\n\n\n\n<p>As <strong>salas de aula<\/strong> encontram-se organizadas de forma a promover a autonomia e a coopera\u00e7\u00e3o, sendo compostas por diferentes \u00e1reas de trabalho (Canto do Portugu\u00eas, Canto da Matem\u00e1tica e Canto do Estudo do Meio\/Projetos). As mesas est\u00e3o dispostas em \u201cU\u201d e s\u00e3o facilmente mov\u00edveis, permitindo trabalhar em pequenos grupos ou em grande grupo. Os professores n\u00e3o apresentam um lugar espec\u00edfico, circulando pela sala e apoiando os alunos.&nbsp;<\/p>\n\n\n\n<figure class=\"wp-block-gallery columns-3 is-cropped wp-block-gallery-2 is-layout-flex wp-block-gallery-is-layout-flex\"><ul class=\"blocks-gallery-grid\"><li class=\"blocks-gallery-item\"><figure><img loading=\"lazy\" decoding=\"async\" width=\"1024\" height=\"768\" src=\"https:\/\/place4all.pt\/wp-content\/uploads\/2021\/03\/IMG-20210304-WA0055-1024x768.jpg\" alt=\"\" data-id=\"524\" data-link=\"https:\/\/place4all.pt\/?attachment_id=524\" class=\"wp-image-524\" srcset=\"https:\/\/place4all.pt\/wp-content\/uploads\/2021\/03\/IMG-20210304-WA0055-1024x768.jpg 1024w, https:\/\/place4all.pt\/wp-content\/uploads\/2021\/03\/IMG-20210304-WA0055-300x225.jpg 300w, https:\/\/place4all.pt\/wp-content\/uploads\/2021\/03\/IMG-20210304-WA0055-768x576.jpg 768w, https:\/\/place4all.pt\/wp-content\/uploads\/2021\/03\/IMG-20210304-WA0055-1536x1153.jpg 1536w, https:\/\/place4all.pt\/wp-content\/uploads\/2021\/03\/IMG-20210304-WA0055-1100x825.jpg 1100w, https:\/\/place4all.pt\/wp-content\/uploads\/2021\/03\/IMG-20210304-WA0055.jpg 1919w\" sizes=\"auto, (max-width: 1024px) 100vw, 1024px\" \/><\/figure><\/li><li class=\"blocks-gallery-item\"><figure><img loading=\"lazy\" decoding=\"async\" width=\"1024\" height=\"768\" src=\"https:\/\/place4all.pt\/wp-content\/uploads\/2021\/03\/IMG-20210304-WA0052-1024x768.jpg\" alt=\"\" data-id=\"525\" data-link=\"https:\/\/place4all.pt\/?attachment_id=525\" class=\"wp-image-525\" srcset=\"https:\/\/place4all.pt\/wp-content\/uploads\/2021\/03\/IMG-20210304-WA0052-1024x768.jpg 1024w, https:\/\/place4all.pt\/wp-content\/uploads\/2021\/03\/IMG-20210304-WA0052-300x225.jpg 300w, https:\/\/place4all.pt\/wp-content\/uploads\/2021\/03\/IMG-20210304-WA0052-768x576.jpg 768w, https:\/\/place4all.pt\/wp-content\/uploads\/2021\/03\/IMG-20210304-WA0052-1536x1153.jpg 1536w, https:\/\/place4all.pt\/wp-content\/uploads\/2021\/03\/IMG-20210304-WA0052-1100x825.jpg 1100w, https:\/\/place4all.pt\/wp-content\/uploads\/2021\/03\/IMG-20210304-WA0052.jpg 1919w\" sizes=\"auto, (max-width: 1024px) 100vw, 1024px\" \/><\/figure><\/li><li class=\"blocks-gallery-item\"><figure><img loading=\"lazy\" decoding=\"async\" width=\"768\" height=\"1024\" src=\"https:\/\/place4all.pt\/wp-content\/uploads\/2021\/03\/IMG-20210303-WA0020-768x1024.jpg\" alt=\"\" data-id=\"522\" data-link=\"https:\/\/place4all.pt\/?attachment_id=522\" class=\"wp-image-522\" srcset=\"https:\/\/place4all.pt\/wp-content\/uploads\/2021\/03\/IMG-20210303-WA0020-768x1024.jpg 768w, https:\/\/place4all.pt\/wp-content\/uploads\/2021\/03\/IMG-20210303-WA0020-225x300.jpg 225w, https:\/\/place4all.pt\/wp-content\/uploads\/2021\/03\/IMG-20210303-WA0020-1152x1536.jpg 1152w, https:\/\/place4all.pt\/wp-content\/uploads\/2021\/03\/IMG-20210303-WA0020-1100x1467.jpg 1100w, https:\/\/place4all.pt\/wp-content\/uploads\/2021\/03\/IMG-20210303-WA0020.jpg 1440w\" sizes=\"auto, (max-width: 768px) 100vw, 768px\" \/><\/figure><\/li><li class=\"blocks-gallery-item\"><figure><img loading=\"lazy\" decoding=\"async\" width=\"768\" height=\"1024\" src=\"https:\/\/place4all.pt\/wp-content\/uploads\/2021\/03\/IMG-20210303-WA0017-1-768x1024.jpg\" alt=\"\" data-id=\"520\" data-link=\"https:\/\/place4all.pt\/?attachment_id=520\" class=\"wp-image-520\" srcset=\"https:\/\/place4all.pt\/wp-content\/uploads\/2021\/03\/IMG-20210303-WA0017-1-768x1024.jpg 768w, https:\/\/place4all.pt\/wp-content\/uploads\/2021\/03\/IMG-20210303-WA0017-1-225x300.jpg 225w, https:\/\/place4all.pt\/wp-content\/uploads\/2021\/03\/IMG-20210303-WA0017-1-1152x1536.jpg 1152w, https:\/\/place4all.pt\/wp-content\/uploads\/2021\/03\/IMG-20210303-WA0017-1-1100x1467.jpg 1100w, https:\/\/place4all.pt\/wp-content\/uploads\/2021\/03\/IMG-20210303-WA0017-1.jpg 1440w\" sizes=\"auto, (max-width: 768px) 100vw, 768px\" \/><\/figure><\/li><li class=\"blocks-gallery-item\"><figure><img loading=\"lazy\" decoding=\"async\" width=\"1024\" height=\"1024\" src=\"https:\/\/place4all.pt\/wp-content\/uploads\/2021\/03\/image1-1-1024x1024.jpeg\" alt=\"\" data-id=\"530\" data-full-url=\"https:\/\/place4all.pt\/wp-content\/uploads\/2021\/03\/image1-1-rotated.jpeg\" data-link=\"https:\/\/place4all.pt\/?attachment_id=530\" class=\"wp-image-530\" srcset=\"https:\/\/place4all.pt\/wp-content\/uploads\/2021\/03\/image1-1-1024x1024.jpeg 1024w, https:\/\/place4all.pt\/wp-content\/uploads\/2021\/03\/image1-1-300x300.jpeg 300w, https:\/\/place4all.pt\/wp-content\/uploads\/2021\/03\/image1-1-150x150.jpeg 150w, https:\/\/place4all.pt\/wp-content\/uploads\/2021\/03\/image1-1-768x768.jpeg 768w, https:\/\/place4all.pt\/wp-content\/uploads\/2021\/03\/image1-1-1100x1100.jpeg 1100w, https:\/\/place4all.pt\/wp-content\/uploads\/2021\/03\/image1-1-rotated.jpeg 1280w\" sizes=\"auto, (max-width: 1024px) 100vw, 1024px\" \/><\/figure><\/li><li class=\"blocks-gallery-item\"><figure><img loading=\"lazy\" decoding=\"async\" width=\"1024\" height=\"768\" src=\"https:\/\/place4all.pt\/wp-content\/uploads\/2021\/03\/IMG-20210303-WA0027-1024x768.jpg\" alt=\"\" data-id=\"523\" data-link=\"https:\/\/place4all.pt\/?attachment_id=523\" class=\"wp-image-523\" srcset=\"https:\/\/place4all.pt\/wp-content\/uploads\/2021\/03\/IMG-20210303-WA0027-1024x768.jpg 1024w, https:\/\/place4all.pt\/wp-content\/uploads\/2021\/03\/IMG-20210303-WA0027-300x225.jpg 300w, https:\/\/place4all.pt\/wp-content\/uploads\/2021\/03\/IMG-20210303-WA0027-768x576.jpg 768w, https:\/\/place4all.pt\/wp-content\/uploads\/2021\/03\/IMG-20210303-WA0027-1536x1152.jpg 1536w, https:\/\/place4all.pt\/wp-content\/uploads\/2021\/03\/IMG-20210303-WA0027-1100x825.jpg 1100w, https:\/\/place4all.pt\/wp-content\/uploads\/2021\/03\/IMG-20210303-WA0027.jpg 1920w\" sizes=\"auto, (max-width: 1024px) 100vw, 1024px\" \/><\/figure><\/li><\/ul><\/figure>\n\n\n\n<p><strong>Que instrumentos de pilotagem utilizamos?<\/strong><\/p>\n\n\n\n<p>Na sala de aula, encontram-se afixados um conjunto de mapas de registo que comp\u00f5em os instrumentos de pilotagem. Estes instrumentos permitem aos alunos planear e organizar o seu dia, bem como avaliar o seu desempenho e o da turma. Promove-se assim a autonomia, a responsabilidade e a individualidade, bem como o sentido de perten\u00e7a a um grupo e o saber expressar sentimentos, ideias e opini\u00f5es. Assim, podemos encontrar os seguintes mapas: mapa de tarefas, mapa de presen\u00e7as, calend\u00e1rio do tempo, avalia\u00e7\u00e3o di\u00e1ria e di\u00e1rio de turma.<\/p>\n\n\n\n<div class=\"wp-block-image\"><figure class=\"aligncenter is-resized\"><img loading=\"lazy\" decoding=\"async\" src=\"https:\/\/lh6.googleusercontent.com\/qM9bMLGxSO4gx7gdC5e_1hXmRqSkDLgLsLUxdPlR_4mu-dHqSiY3645JYA1vJ4fWVwN2et1bsGphBEIe1WdpLYKANc4o_l6ztIackYFZTiARfRujtSc9kh2Gqbef1mgzhp6wwwqj\" alt=\"\" width=\"340\" height=\"318\"\/><\/figure><\/div>\n\n\n\n<p><strong>Programa Funcional<\/strong><\/p>\n\n\n\n<p>Desde o ingresso no 1.\u00ba ciclo, o col\u00e9gio proporciona aos seus alunos a oportunidade de desenvolver compet\u00eancias pessoais e sociais aliadas \u00e0 compet\u00eancia acad\u00e9mica. Temos como objetivo dotar os nossos alunos de ferramentas que consideramos necess\u00e1rias \u00e0 forma\u00e7\u00e3o de um cidad\u00e3o proativo, respons\u00e1vel e independente.<\/p>\n\n\n\n<p>Neste sentido, desenvolvemos as seguintes atividades: <strong>culin\u00e1ria <\/strong>(confe\u00e7\u00e3o de bolos de anivers\u00e1rio, prepara\u00e7\u00e3o de lanches, p\u00f4r a mesa), <strong>limpeza e organiza\u00e7\u00e3o de espa\u00e7os<\/strong>, <strong>rela\u00e7\u00f5es interpessoais<\/strong> (fazer recados, trabalhar em equipa, resolver conflitos, esperar pela vez e partilhar), <strong>sa\u00eddas \u00e0 comunidade<\/strong> (ir \u00e0s compras, adequar o discurso ao interlocutor, saber utilizar o dinheiro, saber poupar em prol de um objetivo, promover regras rodovi\u00e1rias e de conviv\u00eancia), e <strong>envolv\u00eancia com comunidade educativa<\/strong> (organiza\u00e7\u00e3o de eventos e apoio na rotina das salas de outra val\u00eancia \u2013 momentos de sesta e lanche e dinamiza\u00e7\u00e3o de atividades junto dos mais pequenos, como teatros e jogos tradicionais).<\/p>\n\n\n\n<p>Atrav\u00e9s destas atividades, \u00e9 poss\u00edvel generalizar os conte\u00fados adquiridos em sala de aula, atribuindo um significado pr\u00e1tico aos mesmos.<\/p>\n\n\n\n<figure class=\"wp-block-gallery columns-3 is-cropped wp-block-gallery-3 is-layout-flex wp-block-gallery-is-layout-flex\"><ul class=\"blocks-gallery-grid\"><li class=\"blocks-gallery-item\"><figure><img loading=\"lazy\" decoding=\"async\" width=\"768\" height=\"1024\" src=\"https:\/\/place4all.pt\/wp-content\/uploads\/2021\/03\/IMG-20210304-WA0028-768x1024.jpg\" alt=\"\" data-id=\"532\" data-link=\"https:\/\/place4all.pt\/?attachment_id=532\" class=\"wp-image-532\" srcset=\"https:\/\/place4all.pt\/wp-content\/uploads\/2021\/03\/IMG-20210304-WA0028-768x1023.jpg 768w, https:\/\/place4all.pt\/wp-content\/uploads\/2021\/03\/IMG-20210304-WA0028-225x300.jpg 225w, https:\/\/place4all.pt\/wp-content\/uploads\/2021\/03\/IMG-20210304-WA0028-1153x1536.jpg 1153w, https:\/\/place4all.pt\/wp-content\/uploads\/2021\/03\/IMG-20210304-WA0028-1100x1466.jpg 1100w, https:\/\/place4all.pt\/wp-content\/uploads\/2021\/03\/IMG-20210304-WA0028.jpg 1440w\" sizes=\"auto, (max-width: 768px) 100vw, 768px\" \/><\/figure><\/li><li class=\"blocks-gallery-item\"><figure><img loading=\"lazy\" decoding=\"async\" width=\"768\" height=\"1024\" src=\"https:\/\/place4all.pt\/wp-content\/uploads\/2021\/03\/IMG-20210304-WA0033-768x1024.jpg\" alt=\"\" data-id=\"534\" data-full-url=\"https:\/\/place4all.pt\/wp-content\/uploads\/2021\/03\/IMG-20210304-WA0033.jpg\" data-link=\"https:\/\/place4all.pt\/?attachment_id=534\" class=\"wp-image-534\" srcset=\"https:\/\/place4all.pt\/wp-content\/uploads\/2021\/03\/IMG-20210304-WA0033-768x1023.jpg 768w, https:\/\/place4all.pt\/wp-content\/uploads\/2021\/03\/IMG-20210304-WA0033-225x300.jpg 225w, https:\/\/place4all.pt\/wp-content\/uploads\/2021\/03\/IMG-20210304-WA0033-1153x1536.jpg 1153w, https:\/\/place4all.pt\/wp-content\/uploads\/2021\/03\/IMG-20210304-WA0033-1100x1466.jpg 1100w, https:\/\/place4all.pt\/wp-content\/uploads\/2021\/03\/IMG-20210304-WA0033.jpg 1440w\" sizes=\"auto, (max-width: 768px) 100vw, 768px\" \/><\/figure><\/li><li class=\"blocks-gallery-item\"><figure><img loading=\"lazy\" decoding=\"async\" width=\"884\" height=\"1024\" src=\"https:\/\/place4all.pt\/wp-content\/uploads\/2021\/03\/IMG-20210304-WA0030-884x1024.jpg\" alt=\"\" data-id=\"533\" data-link=\"https:\/\/place4all.pt\/?attachment_id=533\" class=\"wp-image-533\" srcset=\"https:\/\/place4all.pt\/wp-content\/uploads\/2021\/03\/IMG-20210304-WA0030-884x1024.jpg 884w, https:\/\/place4all.pt\/wp-content\/uploads\/2021\/03\/IMG-20210304-WA0030-259x300.jpg 259w, https:\/\/place4all.pt\/wp-content\/uploads\/2021\/03\/IMG-20210304-WA0030-768x889.jpg 768w, https:\/\/place4all.pt\/wp-content\/uploads\/2021\/03\/IMG-20210304-WA0030-1100x1274.jpg 1100w, https:\/\/place4all.pt\/wp-content\/uploads\/2021\/03\/IMG-20210304-WA0030.jpg 1139w\" sizes=\"auto, (max-width: 884px) 100vw, 884px\" \/><\/figure><\/li><li class=\"blocks-gallery-item\"><figure><img loading=\"lazy\" decoding=\"async\" width=\"1024\" height=\"765\" src=\"https:\/\/place4all.pt\/wp-content\/uploads\/2021\/03\/IMG_20210306_222840-1024x765.jpg\" alt=\"\" data-id=\"531\" data-link=\"https:\/\/place4all.pt\/?attachment_id=531\" class=\"wp-image-531\" srcset=\"https:\/\/place4all.pt\/wp-content\/uploads\/2021\/03\/IMG_20210306_222840-1024x765.jpg 1024w, https:\/\/place4all.pt\/wp-content\/uploads\/2021\/03\/IMG_20210306_222840-300x224.jpg 300w, https:\/\/place4all.pt\/wp-content\/uploads\/2021\/03\/IMG_20210306_222840-768x574.jpg 768w, https:\/\/place4all.pt\/wp-content\/uploads\/2021\/03\/IMG_20210306_222840-1100x822.jpg 1100w, https:\/\/place4all.pt\/wp-content\/uploads\/2021\/03\/IMG_20210306_222840.jpg 1440w\" sizes=\"auto, (max-width: 1024px) 100vw, 1024px\" \/><\/figure><\/li><\/ul><\/figure>\n\n\n\n<p><strong>Em resumo \u2026&nbsp;<\/strong><\/p>\n\n\n\n<p>Uma escola inclusiva;<br>Temos turmas reduzidas;<br>Contamos com uma equipa multidisciplinar;<br>Preconizamos um ensino individualizado;<br>Os professores acompanham todos os momentos da rotina di\u00e1ria;<br>Organiza\u00e7\u00e3o espacial das salas e exist\u00eancia de materiais did\u00e1ticos e interativos;<br>Temos uma rela\u00e7\u00e3o pr\u00f3xima e de constante articula\u00e7\u00e3o com as fam\u00edlias e com a comunidade envolvente;, o que nos permite dar uma resposta \u00e0 medida das necessidades de cada crian\u00e7a;<br>Desenvolvemos um Programa Funcional;<br>Um espa\u00e7o de aprendizagem e alegria!<\/p>\n","protected":false},"excerpt":{"rendered":"<p>Quem somos? A equipa do 1.\u00ba ciclo \u00e9 uma equipa multidisciplinar composta por elementos com especializa\u00e7\u00f5es variadas e complementares entre si, o que possibilita oferecer uma resposta diferenciada e espec\u00edfica \u00e0s caracter\u00edsticas de cada crian\u00e7a.&hellip;<\/p>\n","protected":false},"author":1,"featured_media":0,"parent":56,"menu_order":40,"comment_status":"closed","ping_status":"closed","template":"","meta":{"footnotes":""},"class_list":["post-27","page","type-page","status-publish","hentry"],"_links":{"self":[{"href":"https:\/\/place4all.pt\/index.php?rest_route=\/wp\/v2\/pages\/27","targetHints":{"allow":["GET"]}}],"collection":[{"href":"https:\/\/place4all.pt\/index.php?rest_route=\/wp\/v2\/pages"}],"about":[{"href":"https:\/\/place4all.pt\/index.php?rest_route=\/wp\/v2\/types\/page"}],"author":[{"embeddable":true,"href":"https:\/\/place4all.pt\/index.php?rest_route=\/wp\/v2\/users\/1"}],"replies":[{"embeddable":true,"href":"https:\/\/place4all.pt\/index.php?rest_route=%2Fwp%2Fv2%2Fcomments&post=27"}],"version-history":[{"count":8,"href":"https:\/\/place4all.pt\/index.php?rest_route=\/wp\/v2\/pages\/27\/revisions"}],"predecessor-version":[{"id":602,"href":"https:\/\/place4all.pt\/index.php?rest_route=\/wp\/v2\/pages\/27\/revisions\/602"}],"up":[{"embeddable":true,"href":"https:\/\/place4all.pt\/index.php?rest_route=\/wp\/v2\/pages\/56"}],"wp:attachment":[{"href":"https:\/\/place4all.pt\/index.php?rest_route=%2Fwp%2Fv2%2Fmedia&parent=27"}],"curies":[{"name":"wp","href":"https:\/\/api.w.org\/{rel}","templated":true}]}}