{"id":29,"date":"2021-03-03T21:13:35","date_gmt":"2021-03-03T21:13:35","guid":{"rendered":"http:\/\/place4all.pt\/?page_id=29"},"modified":"2021-03-14T19:46:46","modified_gmt":"2021-03-14T19:46:46","slug":"apoios-terapeuticos","status":"publish","type":"page","link":"https:\/\/place4all.pt\/?page_id=29","title":{"rendered":"Apoios terap\u00eauticos"},"content":{"rendered":"\n<div class=\"wp-block-image\"><figure class=\"aligncenter size-large is-resized\"><img loading=\"lazy\" decoding=\"async\" src=\"https:\/\/place4all.pt\/wp-content\/uploads\/2021\/03\/Terapias-1024x401.jpg\" alt=\"\" class=\"wp-image-488\" width=\"768\" height=\"301\" srcset=\"https:\/\/place4all.pt\/wp-content\/uploads\/2021\/03\/Terapias-1024x401.jpg 1024w, https:\/\/place4all.pt\/wp-content\/uploads\/2021\/03\/Terapias-300x117.jpg 300w, https:\/\/place4all.pt\/wp-content\/uploads\/2021\/03\/Terapias-768x300.jpg 768w, https:\/\/place4all.pt\/wp-content\/uploads\/2021\/03\/Terapias-1536x601.jpg 1536w, https:\/\/place4all.pt\/wp-content\/uploads\/2021\/03\/Terapias-1100x430.jpg 1100w, https:\/\/place4all.pt\/wp-content\/uploads\/2021\/03\/Terapias.jpg 1562w\" sizes=\"(max-width: 768px) 100vw, 768px\" \/><\/figure><\/div>\n\n\n\n<p>O col\u00e9gio tem uma equipa de terapeutas nas val\u00eancias \u00a0Terapia da Fala, Terapia Ocupacional, Psicomotricidade e Psicologia, que atua com o objetivo de promover o desenvolvimento global da crian\u00e7a de forma articulada com a equipa educativa, respeitando sempre a individualidade e caracter\u00edsticas das crian\u00e7as, sejam elas alunos do col\u00e9gio ou crian\u00e7as integradas noutros estabelecimentos de ensino.\u00a0<\/p>\n\n\n\n<p>Os Terapeutas integram-se na equipa multidisciplinar e interv\u00eam em plena articula\u00e7\u00e3o com os diferentes t\u00e9cnicos e fam\u00edlias.<\/p>\n\n\n\n<p>Os projetos de interven\u00e7\u00e3o terap\u00eautica s\u00e3o constru\u00eddos \u00e0 medida, de acordo com as caracter\u00edsticas da crian\u00e7a e, por isso, o valor a cobrar \u00e9 vari\u00e1vel dependendo do plano terap\u00eautico desenhado para cada aluno e das necessidades individuais de cada um.<\/p>\n\n\n\n<p>Estes apoios podem ser em contexto individual ou em contextos significativos para a crian\u00e7a (sala de aula, sa\u00eddas \u00e0 comunidade, parque e jardim, praia, atividades de vida di\u00e1ria, visitas de estudo, entre outros).<\/p>\n\n\n\n<p>No acompanhamento de cada crian\u00e7a a avalia\u00e7\u00e3o inicial e peri\u00f3dica, bem como a elabora\u00e7\u00e3o dos planos individuais e dos relat\u00f3rios terap\u00eauticos s\u00e3o parte integrante e fundamental dos apoios concedidos.<\/p>\n\n\n\n<p>Em resumo, a integra\u00e7\u00e3o de terapeutas numa equipa multidisciplinar em&nbsp; contexto educativo tem diversas vantagens, das quais destacamos:<\/p>\n\n\n\n<p>a) As terapias s\u00e3o integradas na rotina da crian\u00e7a, encaradas muitas vezes como um complemento curricular;<br>b) O contexto onde decorre a terapia \u00e9 natural para a crian\u00e7a, uma vez que j\u00e1 est\u00e1 adaptada ao mesmo;<br>c) \u00c9 mantida uma rela\u00e7\u00e3o pr\u00f3xima e de equipa com os agentes educativos, no contexto de aprendizagem onde a crian\u00e7a passa a maior parte do seu tempo;<br>d) A fam\u00edlia tem acesso a uma plataforma de comunica\u00e7\u00e3o exclusiva onde pode consultar toda a informa\u00e7\u00e3o acerca do trabalho que est\u00e1 a ser desenvolvido;<br>e) Sendo que a equipa terap\u00eautica \u00e9 residentes do Col\u00e9gio, os pais podem contar com a sua presen\u00e7a nos diversos momentos do dia escolar da crian\u00e7a.<\/p>\n","protected":false},"excerpt":{"rendered":"<p>O col\u00e9gio tem uma equipa de terapeutas nas val\u00eancias \u00a0Terapia da Fala, Terapia Ocupacional, Psicomotricidade e Psicologia, que atua com o objetivo de promover o desenvolvimento global da crian\u00e7a de forma articulada com a equipa&hellip;<\/p>\n","protected":false},"author":1,"featured_media":0,"parent":0,"menu_order":25,"comment_status":"closed","ping_status":"closed","template":"","meta":{"footnotes":""},"_links":{"self":[{"href":"https:\/\/place4all.pt\/index.php?rest_route=\/wp\/v2\/pages\/29"}],"collection":[{"href":"https:\/\/place4all.pt\/index.php?rest_route=\/wp\/v2\/pages"}],"about":[{"href":"https:\/\/place4all.pt\/index.php?rest_route=\/wp\/v2\/types\/page"}],"author":[{"embeddable":true,"href":"https:\/\/place4all.pt\/index.php?rest_route=\/wp\/v2\/users\/1"}],"replies":[{"embeddable":true,"href":"https:\/\/place4all.pt\/index.php?rest_route=%2Fwp%2Fv2%2Fcomments&post=29"}],"version-history":[{"count":9,"href":"https:\/\/place4all.pt\/index.php?rest_route=\/wp\/v2\/pages\/29\/revisions"}],"predecessor-version":[{"id":603,"href":"https:\/\/place4all.pt\/index.php?rest_route=\/wp\/v2\/pages\/29\/revisions\/603"}],"wp:attachment":[{"href":"https:\/\/place4all.pt\/index.php?rest_route=%2Fwp%2Fv2%2Fmedia&parent=29"}],"curies":[{"name":"wp","href":"https:\/\/api.w.org\/{rel}","templated":true}]}}