{"id":31,"date":"2021-03-03T21:14:31","date_gmt":"2021-03-03T21:14:31","guid":{"rendered":"http:\/\/place4all.pt\/?page_id=31"},"modified":"2021-03-14T19:50:17","modified_gmt":"2021-03-14T19:50:17","slug":"atividades-extra-curriculares","status":"publish","type":"page","link":"https:\/\/place4all.pt\/?page_id=31","title":{"rendered":"Atividades extracurriculares"},"content":{"rendered":"\n<div class=\"wp-block-image\"><figure class=\"aligncenter size-large is-resized\"><img loading=\"lazy\" decoding=\"async\" src=\"https:\/\/place4all.pt\/wp-content\/uploads\/2021\/03\/cabecalho_placard-1-1024x678.jpg\" alt=\"\" class=\"wp-image-332\" width=\"512\" height=\"339\" srcset=\"https:\/\/place4all.pt\/wp-content\/uploads\/2021\/03\/cabecalho_placard-1-1024x678.jpg 1024w, https:\/\/place4all.pt\/wp-content\/uploads\/2021\/03\/cabecalho_placard-1-300x199.jpg 300w, https:\/\/place4all.pt\/wp-content\/uploads\/2021\/03\/cabecalho_placard-1-768x509.jpg 768w, https:\/\/place4all.pt\/wp-content\/uploads\/2021\/03\/cabecalho_placard-1-1536x1017.jpg 1536w, https:\/\/place4all.pt\/wp-content\/uploads\/2021\/03\/cabecalho_placard-1-2048x1356.jpg 2048w, https:\/\/place4all.pt\/wp-content\/uploads\/2021\/03\/cabecalho_placard-1-1100x728.jpg 1100w\" sizes=\"auto, (max-width: 512px) 100vw, 512px\" \/><\/figure><\/div>\n\n\n\n<p>Como complemento \u00e0 oferta curricular, o nosso Col\u00e9gio disponibiliza atividades extracurriculares que funcionam anualmente entre outubro e junho.<\/p>\n\n\n\n<p>No in\u00edcio de cada ano letivo o col\u00e9gio prop\u00f5e um conjunto de atividades: judo, instrumento, dan\u00e7a, adapta\u00e7\u00e3o ao meio aqu\u00e1tico, ioga, entre outras, funcionando as atividades que tenham o n\u00famero de inscri\u00e7\u00f5es para formar 1 ou 2 grupos.<\/p>\n\n\n\n<p>Todas as atividades s\u00e3o orientadas por professores-especialistas com forma\u00e7\u00e3o espec\u00edfica na \u00e1rea que lecionam.<\/p>\n","protected":false},"excerpt":{"rendered":"<p>Como complemento \u00e0 oferta curricular, o nosso Col\u00e9gio disponibiliza atividades extracurriculares que funcionam anualmente entre outubro e junho. No in\u00edcio de cada ano letivo o col\u00e9gio prop\u00f5e um conjunto de atividades: judo, instrumento, dan\u00e7a, adapta\u00e7\u00e3o&hellip;<\/p>\n","protected":false},"author":1,"featured_media":0,"parent":56,"menu_order":60,"comment_status":"closed","ping_status":"closed","template":"","meta":{"footnotes":""},"class_list":["post-31","page","type-page","status-publish","hentry"],"_links":{"self":[{"href":"https:\/\/place4all.pt\/index.php?rest_route=\/wp\/v2\/pages\/31","targetHints":{"allow":["GET"]}}],"collection":[{"href":"https:\/\/place4all.pt\/index.php?rest_route=\/wp\/v2\/pages"}],"about":[{"href":"https:\/\/place4all.pt\/index.php?rest_route=\/wp\/v2\/types\/page"}],"author":[{"embeddable":true,"href":"https:\/\/place4all.pt\/index.php?rest_route=\/wp\/v2\/users\/1"}],"replies":[{"embeddable":true,"href":"https:\/\/place4all.pt\/index.php?rest_route=%2Fwp%2Fv2%2Fcomments&post=31"}],"version-history":[{"count":5,"href":"https:\/\/place4all.pt\/index.php?rest_route=\/wp\/v2\/pages\/31\/revisions"}],"predecessor-version":[{"id":607,"href":"https:\/\/place4all.pt\/index.php?rest_route=\/wp\/v2\/pages\/31\/revisions\/607"}],"up":[{"embeddable":true,"href":"https:\/\/place4all.pt\/index.php?rest_route=\/wp\/v2\/pages\/56"}],"wp:attachment":[{"href":"https:\/\/place4all.pt\/index.php?rest_route=%2Fwp%2Fv2%2Fmedia&parent=31"}],"curies":[{"name":"wp","href":"https:\/\/api.w.org\/{rel}","templated":true}]}}