{"id":35,"date":"2021-03-03T21:15:43","date_gmt":"2021-03-03T21:15:43","guid":{"rendered":"http:\/\/place4all.pt\/?page_id=35"},"modified":"2021-03-07T18:41:50","modified_gmt":"2021-03-07T18:41:50","slug":"secretaria-e-tesouraria","status":"publish","type":"page","link":"https:\/\/place4all.pt\/?page_id=35","title":{"rendered":"Secretaria e tesouraria"},"content":{"rendered":"\n<div class=\"wp-block-image\"><figure class=\"aligncenter size-large is-resized\"><img loading=\"lazy\" decoding=\"async\" src=\"https:\/\/place4all.pt\/wp-content\/uploads\/2021\/03\/secretaria1-1024x1018.png\" alt=\"\" class=\"wp-image-116\" width=\"413\" height=\"410\" srcset=\"https:\/\/place4all.pt\/wp-content\/uploads\/2021\/03\/secretaria1-1024x1018.png 1024w, https:\/\/place4all.pt\/wp-content\/uploads\/2021\/03\/secretaria1-300x298.png 300w, https:\/\/place4all.pt\/wp-content\/uploads\/2021\/03\/secretaria1-150x150.png 150w, https:\/\/place4all.pt\/wp-content\/uploads\/2021\/03\/secretaria1-768x764.png 768w, https:\/\/place4all.pt\/wp-content\/uploads\/2021\/03\/secretaria1-1536x1527.png 1536w, https:\/\/place4all.pt\/wp-content\/uploads\/2021\/03\/secretaria1-2048x2037.png 2048w, https:\/\/place4all.pt\/wp-content\/uploads\/2021\/03\/secretaria1-1100x1094.png 1100w\" sizes=\"auto, (max-width: 413px) 100vw, 413px\" \/><\/figure><\/div>\n\n\n\n<p><strong><em>Atendimento Secretaria&nbsp;<\/em><\/strong><\/p>\n\n\n\n<p>Todos os dias \u00fateis, das 8h00 \u00e0s 12h00 e das 14h00 \u00e0s 18h00<\/p>\n\n\n\n<p>\u200b\u200b\u200b\u200bTelef: 21 048 81 70<\/p>\n\n\n\n<p>Email: <a href=\"https:\/\/place4all.pt\/#formulario-de-contacto\">Formul\u00e1rio de contacto<\/a><\/p>\n\n\n\n<p>\u200b<\/p>\n\n\n\n<div class=\"wp-block-image\"><figure class=\"aligncenter size-large is-resized\"><img loading=\"lazy\" decoding=\"async\" src=\"https:\/\/place4all.pt\/wp-content\/uploads\/2021\/03\/tesouraria1.png\" alt=\"\" class=\"wp-image-118\" width=\"401\" height=\"401\" srcset=\"https:\/\/place4all.pt\/wp-content\/uploads\/2021\/03\/tesouraria1.png 1007w, https:\/\/place4all.pt\/wp-content\/uploads\/2021\/03\/tesouraria1-300x300.png 300w, https:\/\/place4all.pt\/wp-content\/uploads\/2021\/03\/tesouraria1-150x150.png 150w, https:\/\/place4all.pt\/wp-content\/uploads\/2021\/03\/tesouraria1-768x768.png 768w\" sizes=\"auto, (max-width: 401px) 100vw, 401px\" \/><\/figure><\/div>\n\n\n\n<p><strong><em>Atendimento Tesouraria<\/em><\/strong><\/p>\n\n\n\n<p>Todos os dias \u00fateis, das 8h00 \u00e0s 12h00 e das 14h00 \u00e0s 16h30<\/p>\n\n\n\n<p>Telef: 21 048 81 70<\/p>\n\n\n\n<p>Email: <a href=\"https:\/\/place4all.pt\/#formulario-de-contacto\">Formul\u00e1rio de contacto<\/a><\/p>\n","protected":false},"excerpt":{"rendered":"<p>Atendimento Secretaria&nbsp; Todos os dias \u00fateis, das 8h00 \u00e0s 12h00 e das 14h00 \u00e0s 18h00 \u200b\u200b\u200b\u200bTelef: 21 048 81 70 Email: Formul\u00e1rio de contacto \u200b Atendimento Tesouraria Todos os dias \u00fateis, das 8h00 \u00e0s 12h00&hellip;<\/p>\n","protected":false},"author":1,"featured_media":0,"parent":58,"menu_order":10,"comment_status":"closed","ping_status":"closed","template":"","meta":{"footnotes":""},"class_list":["post-35","page","type-page","status-publish","hentry"],"_links":{"self":[{"href":"https:\/\/place4all.pt\/index.php?rest_route=\/wp\/v2\/pages\/35","targetHints":{"allow":["GET"]}}],"collection":[{"href":"https:\/\/place4all.pt\/index.php?rest_route=\/wp\/v2\/pages"}],"about":[{"href":"https:\/\/place4all.pt\/index.php?rest_route=\/wp\/v2\/types\/page"}],"author":[{"embeddable":true,"href":"https:\/\/place4all.pt\/index.php?rest_route=\/wp\/v2\/users\/1"}],"replies":[{"embeddable":true,"href":"https:\/\/place4all.pt\/index.php?rest_route=%2Fwp%2Fv2%2Fcomments&post=35"}],"version-history":[{"count":3,"href":"https:\/\/place4all.pt\/index.php?rest_route=\/wp\/v2\/pages\/35\/revisions"}],"predecessor-version":[{"id":582,"href":"https:\/\/place4all.pt\/index.php?rest_route=\/wp\/v2\/pages\/35\/revisions\/582"}],"up":[{"embeddable":true,"href":"https:\/\/place4all.pt\/index.php?rest_route=\/wp\/v2\/pages\/58"}],"wp:attachment":[{"href":"https:\/\/place4all.pt\/index.php?rest_route=%2Fwp%2Fv2%2Fmedia&parent=35"}],"curies":[{"name":"wp","href":"https:\/\/api.w.org\/{rel}","templated":true}]}}