{"id":37,"date":"2021-03-03T21:16:06","date_gmt":"2021-03-03T21:16:06","guid":{"rendered":"http:\/\/place4all.pt\/?page_id=37"},"modified":"2021-03-14T19:53:12","modified_gmt":"2021-03-14T19:53:12","slug":"alimentacao","status":"publish","type":"page","link":"https:\/\/place4all.pt\/?page_id=37","title":{"rendered":"Alimenta\u00e7\u00e3o"},"content":{"rendered":"\n<div class=\"wp-block-image\"><figure class=\"aligncenter size-large is-resized\"><img loading=\"lazy\" decoding=\"async\" src=\"https:\/\/place4all.pt\/wp-content\/uploads\/2021\/03\/refeitorio1.png\" alt=\"\" class=\"wp-image-108\" width=\"433\" height=\"432\" srcset=\"https:\/\/place4all.pt\/wp-content\/uploads\/2021\/03\/refeitorio1.png 752w, https:\/\/place4all.pt\/wp-content\/uploads\/2021\/03\/refeitorio1-300x300.png 300w, https:\/\/place4all.pt\/wp-content\/uploads\/2021\/03\/refeitorio1-150x150.png 150w\" sizes=\"(max-width: 433px) 100vw, 433px\" \/><\/figure><\/div>\n\n\n\n<p class=\"has-text-align-center\"><strong><em>Damos prefer\u00eancias a alimentos sazonais, frescos e n\u00e3o processados.<\/em><\/strong><\/p>\n\n\n\n<p>A gest\u00e3o do servi\u00e7o de alimenta\u00e7\u00e3o no nosso col\u00e9gio est\u00e1 a cargo da Uniself e respeita os princ\u00edpios de Higiene e Seguran\u00e7a Alimentar.<\/p>\n\n\n\n<p>S\u00e3o servidas refei\u00e7\u00f5es equilibradas do ponto de vista nutricional e de acordo com as diferentes faixas et\u00e1rias , exceto \u00e0s crian\u00e7as da sala de transi\u00e7\u00e3o para as quais o col\u00e9gio n\u00e3o assegura as refei\u00e7\u00f5es ( as mesmas s\u00e3o providenciadas pelas fam\u00edlias at\u00e9 estar conclu\u00eddo o processo de diversifica\u00e7\u00e3o alimentar).<\/p>\n\n\n\n<p>Cientes da import\u00e2ncia da&nbsp; escola, como um agente promotor de uma alimenta\u00e7\u00e3o saud\u00e1vel e equilibrada, com ganhos para a sa\u00fade, prevenindo desde cedo os erros em mat\u00e9ria de alimenta\u00e7\u00e3o, damos muita import\u00e2ncia ao nosso papel&nbsp; educativo e promotor de sa\u00fade.<\/p>\n\n\n\n<p>Assim, criamos v\u00e1rios contextos educativos onde o tema alimenta\u00e7\u00e3o saud\u00e1vel \u00e9 trabalhado, n\u00e3o s\u00f3 atrav\u00e9s dos conte\u00fados curriculares e experi\u00eancias gastron\u00f3micas e culin\u00e1rias, mas tamb\u00e9m atrav\u00e9s da oferta alimentar que disponibilizamos aos nossos alunos.<\/p>\n\n\n\n<p>Servimos pratos simples, diversificados, onde as leguminosas, a carne, o peixe, os legumes e vegetais ( crus e confecionados ), a fruta e o p\u00e3o ( de diversas qualidades ) assumem destaque.<\/p>\n\n\n\n<p>Apostamos no leite e iogurtes simples e salpicamos os nossos pratos com especiarias e ervas arom\u00e1ticas.<\/p>\n\n\n\n<p>O Col\u00e9gio assegura o fornecimento das seguintes refei\u00e7\u00f5es:&nbsp;<\/p>\n\n\n\n<p>a) Refor\u00e7o da manh\u00e3 (fruta);<br>b) Almo\u00e7o (sopa refor\u00e7ada + 2.\u00ba prato e fruta ou sopa +2.\u00ba prato e fruta);<br>c) Lanche (Papinhas de aveia e de iogurte com fruta ou leite, iogurte ou sumo natural + p\u00e3o);<br>d) Refor\u00e7o da tarde (ap\u00f3s as 18h00 &#8211; p\u00e3o, bolacha ou fruta.<\/p>\n\n\n\n<p>As ementas s\u00e3o disponibilizadas mensalmente aos pais\/encarregados de educa\u00e7\u00e3o, na nossa plataforma de comunica\u00e7\u00e3o e est\u00e3o afixadas na rece\u00e7\u00e3o do col\u00e9gio.<\/p>\n","protected":false},"excerpt":{"rendered":"<p>Damos prefer\u00eancias a alimentos sazonais, frescos e n\u00e3o processados. A gest\u00e3o do servi\u00e7o de alimenta\u00e7\u00e3o no nosso col\u00e9gio est\u00e1 a cargo da Uniself e respeita os princ\u00edpios de Higiene e Seguran\u00e7a Alimentar. S\u00e3o servidas refei\u00e7\u00f5es&hellip;<\/p>\n","protected":false},"author":1,"featured_media":0,"parent":58,"menu_order":20,"comment_status":"closed","ping_status":"closed","template":"","meta":{"footnotes":""},"_links":{"self":[{"href":"https:\/\/place4all.pt\/index.php?rest_route=\/wp\/v2\/pages\/37"}],"collection":[{"href":"https:\/\/place4all.pt\/index.php?rest_route=\/wp\/v2\/pages"}],"about":[{"href":"https:\/\/place4all.pt\/index.php?rest_route=\/wp\/v2\/types\/page"}],"author":[{"embeddable":true,"href":"https:\/\/place4all.pt\/index.php?rest_route=\/wp\/v2\/users\/1"}],"replies":[{"embeddable":true,"href":"https:\/\/place4all.pt\/index.php?rest_route=%2Fwp%2Fv2%2Fcomments&post=37"}],"version-history":[{"count":9,"href":"https:\/\/place4all.pt\/index.php?rest_route=\/wp\/v2\/pages\/37\/revisions"}],"predecessor-version":[{"id":614,"href":"https:\/\/place4all.pt\/index.php?rest_route=\/wp\/v2\/pages\/37\/revisions\/614"}],"up":[{"embeddable":true,"href":"https:\/\/place4all.pt\/index.php?rest_route=\/wp\/v2\/pages\/58"}],"wp:attachment":[{"href":"https:\/\/place4all.pt\/index.php?rest_route=%2Fwp%2Fv2%2Fmedia&parent=37"}],"curies":[{"name":"wp","href":"https:\/\/api.w.org\/{rel}","templated":true}]}}