{"id":39,"date":"2021-03-03T21:16:23","date_gmt":"2021-03-03T21:16:23","guid":{"rendered":"http:\/\/place4all.pt\/?page_id=39"},"modified":"2021-03-14T19:53:43","modified_gmt":"2021-03-14T19:53:43","slug":"vestuario-escolar","status":"publish","type":"page","link":"https:\/\/place4all.pt\/?page_id=39","title":{"rendered":"Vestu\u00e1rio escolar"},"content":{"rendered":"\n<div class=\"wp-block-image\"><figure class=\"aligncenter size-large is-resized\"><img loading=\"lazy\" decoding=\"async\" src=\"https:\/\/place4all.pt\/wp-content\/uploads\/2021\/03\/Fardas.jpg\" alt=\"\" class=\"wp-image-490\" width=\"565\" height=\"324\" srcset=\"https:\/\/place4all.pt\/wp-content\/uploads\/2021\/03\/Fardas.jpg 565w, https:\/\/place4all.pt\/wp-content\/uploads\/2021\/03\/Fardas-300x172.jpg 300w\" sizes=\"(max-width: 565px) 100vw, 565px\" \/><\/figure><\/div>\n\n\n\n<p>A partir dos 2 anos \u00e9 obrigat\u00f3rio o uso do vestu\u00e1rio escolar do Col\u00e9gio e o mesmo deve ser encomendado no ato da inscri\u00e7\u00e3o ou, sempre que necess\u00e1rio, em formul\u00e1rio pr\u00f3prio e atrav\u00e9s da nossa\u00a0 plataforma de comunica\u00e7\u00e3o.<\/p>\n\n\n\n<p>Pretendemos com&nbsp; isto criar um maior n\u00edvel de perten\u00e7a aos princ\u00edpios e valores do Col\u00e9gio e assegurar as quest\u00f5es de seguran\u00e7a fora e dentro do Col\u00e9gio. Assim, crian\u00e7as e adultos s\u00e3o facilmente identific\u00e1veis.<\/p>\n\n\n\n<p>O&nbsp; vestu\u00e1rio escolar \u00e9 imprescind\u00edvel em visitas de estudo, sa\u00eddas e na atividade de praia, uma vez que permite a r\u00e1pida identifica\u00e7\u00e3o dos alunos. Por motivos de seguran\u00e7a, nas sa\u00eddas ao exterior s\u00f3 est\u00e3o autorizadas a participar as crian\u00e7as que tragam o uniforme.<\/p>\n","protected":false},"excerpt":{"rendered":"<p>A partir dos 2 anos \u00e9 obrigat\u00f3rio o uso do vestu\u00e1rio escolar do Col\u00e9gio e o mesmo deve ser encomendado no ato da inscri\u00e7\u00e3o ou, sempre que necess\u00e1rio, em formul\u00e1rio pr\u00f3prio e atrav\u00e9s da nossa\u00a0&hellip;<\/p>\n","protected":false},"author":1,"featured_media":0,"parent":58,"menu_order":30,"comment_status":"closed","ping_status":"closed","template":"","meta":{"footnotes":""},"_links":{"self":[{"href":"https:\/\/place4all.pt\/index.php?rest_route=\/wp\/v2\/pages\/39"}],"collection":[{"href":"https:\/\/place4all.pt\/index.php?rest_route=\/wp\/v2\/pages"}],"about":[{"href":"https:\/\/place4all.pt\/index.php?rest_route=\/wp\/v2\/types\/page"}],"author":[{"embeddable":true,"href":"https:\/\/place4all.pt\/index.php?rest_route=\/wp\/v2\/users\/1"}],"replies":[{"embeddable":true,"href":"https:\/\/place4all.pt\/index.php?rest_route=%2Fwp%2Fv2%2Fcomments&post=39"}],"version-history":[{"count":7,"href":"https:\/\/place4all.pt\/index.php?rest_route=\/wp\/v2\/pages\/39\/revisions"}],"predecessor-version":[{"id":615,"href":"https:\/\/place4all.pt\/index.php?rest_route=\/wp\/v2\/pages\/39\/revisions\/615"}],"up":[{"embeddable":true,"href":"https:\/\/place4all.pt\/index.php?rest_route=\/wp\/v2\/pages\/58"}],"wp:attachment":[{"href":"https:\/\/place4all.pt\/index.php?rest_route=%2Fwp%2Fv2%2Fmedia&parent=39"}],"curies":[{"name":"wp","href":"https:\/\/api.w.org\/{rel}","templated":true}]}}