{"id":41,"date":"2021-03-03T21:16:41","date_gmt":"2021-03-03T21:16:41","guid":{"rendered":"http:\/\/place4all.pt\/?page_id=41"},"modified":"2021-03-05T19:46:16","modified_gmt":"2021-03-05T19:46:16","slug":"transporte-escolar","status":"publish","type":"page","link":"https:\/\/place4all.pt\/?page_id=41","title":{"rendered":"Transporte escolar"},"content":{"rendered":"\n<div class=\"wp-block-image\"><figure class=\"aligncenter size-large is-resized\"><img loading=\"lazy\" decoding=\"async\" src=\"https:\/\/place4all.pt\/wp-content\/uploads\/2021\/03\/13334665_10209328990722940_1564373165_o-1024x576.jpg\" alt=\"\" class=\"wp-image-131\" width=\"768\" height=\"432\" srcset=\"https:\/\/place4all.pt\/wp-content\/uploads\/2021\/03\/13334665_10209328990722940_1564373165_o-1024x576.jpg 1024w, https:\/\/place4all.pt\/wp-content\/uploads\/2021\/03\/13334665_10209328990722940_1564373165_o-300x169.jpg 300w, https:\/\/place4all.pt\/wp-content\/uploads\/2021\/03\/13334665_10209328990722940_1564373165_o-768x432.jpg 768w, https:\/\/place4all.pt\/wp-content\/uploads\/2021\/03\/13334665_10209328990722940_1564373165_o-1536x864.jpg 1536w, https:\/\/place4all.pt\/wp-content\/uploads\/2021\/03\/13334665_10209328990722940_1564373165_o-1100x619.jpg 1100w, https:\/\/place4all.pt\/wp-content\/uploads\/2021\/03\/13334665_10209328990722940_1564373165_o.jpg 1920w\" sizes=\"(max-width: 768px) 100vw, 768px\" \/><\/figure><\/div>\n\n\n\n<p>O col\u00e9gio n\u00e3o possui servi\u00e7o de transporte, mas tem algumas empresas com as quais t\u00eam uma rela\u00e7\u00e3o de parceria.<\/p>\n\n\n\n<p>Para mais informa\u00e7\u00f5es contactar a secretaria escolar.<\/p>\n","protected":false},"excerpt":{"rendered":"<p>O col\u00e9gio n\u00e3o possui servi\u00e7o de transporte, mas tem algumas empresas com as quais t\u00eam uma rela\u00e7\u00e3o de parceria. Para mais informa\u00e7\u00f5es contactar a secretaria escolar.<\/p>\n","protected":false},"author":1,"featured_media":0,"parent":58,"menu_order":40,"comment_status":"closed","ping_status":"closed","template":"","meta":{"footnotes":""},"_links":{"self":[{"href":"https:\/\/place4all.pt\/index.php?rest_route=\/wp\/v2\/pages\/41"}],"collection":[{"href":"https:\/\/place4all.pt\/index.php?rest_route=\/wp\/v2\/pages"}],"about":[{"href":"https:\/\/place4all.pt\/index.php?rest_route=\/wp\/v2\/types\/page"}],"author":[{"embeddable":true,"href":"https:\/\/place4all.pt\/index.php?rest_route=\/wp\/v2\/users\/1"}],"replies":[{"embeddable":true,"href":"https:\/\/place4all.pt\/index.php?rest_route=%2Fwp%2Fv2%2Fcomments&post=41"}],"version-history":[{"count":3,"href":"https:\/\/place4all.pt\/index.php?rest_route=\/wp\/v2\/pages\/41\/revisions"}],"predecessor-version":[{"id":323,"href":"https:\/\/place4all.pt\/index.php?rest_route=\/wp\/v2\/pages\/41\/revisions\/323"}],"up":[{"embeddable":true,"href":"https:\/\/place4all.pt\/index.php?rest_route=\/wp\/v2\/pages\/58"}],"wp:attachment":[{"href":"https:\/\/place4all.pt\/index.php?rest_route=%2Fwp%2Fv2%2Fmedia&parent=41"}],"curies":[{"name":"wp","href":"https:\/\/api.w.org\/{rel}","templated":true}]}}