{"id":58,"date":"2021-03-03T21:33:39","date_gmt":"2021-03-03T21:33:39","guid":{"rendered":"http:\/\/place4all.pt\/?page_id=58"},"modified":"2021-03-05T19:44:46","modified_gmt":"2021-03-05T19:44:46","slug":"servicos","status":"publish","type":"page","link":"https:\/\/place4all.pt\/?page_id=58","title":{"rendered":"Servi\u00e7os"},"content":{"rendered":"\n<div class=\"wp-block-image\"><figure class=\"aligncenter size-large is-resized\"><img loading=\"lazy\" decoding=\"async\" src=\"https:\/\/place4all.pt\/wp-content\/uploads\/2021\/03\/cabecalho_trabalhos-1024x678.jpg\" alt=\"\" class=\"wp-image-136\" width=\"768\" height=\"509\" srcset=\"https:\/\/place4all.pt\/wp-content\/uploads\/2021\/03\/cabecalho_trabalhos-1024x678.jpg 1024w, https:\/\/place4all.pt\/wp-content\/uploads\/2021\/03\/cabecalho_trabalhos-300x199.jpg 300w, https:\/\/place4all.pt\/wp-content\/uploads\/2021\/03\/cabecalho_trabalhos-768x509.jpg 768w, https:\/\/place4all.pt\/wp-content\/uploads\/2021\/03\/cabecalho_trabalhos-1536x1017.jpg 1536w, https:\/\/place4all.pt\/wp-content\/uploads\/2021\/03\/cabecalho_trabalhos-2048x1356.jpg 2048w, https:\/\/place4all.pt\/wp-content\/uploads\/2021\/03\/cabecalho_trabalhos-1100x728.jpg 1100w\" sizes=\"auto, (max-width: 768px) 100vw, 768px\" \/><\/figure><\/div>\n\n\n\n<p>O col\u00e9gio Place4All disp\u00f5e de um conjunto de servi\u00e7os de suporte e complementares \u00e0 interven\u00e7\u00e3o que desenvolve.<\/p>\n","protected":false},"excerpt":{"rendered":"<p>O col\u00e9gio Place4All disp\u00f5e de um conjunto de servi\u00e7os de suporte e complementares \u00e0 interven\u00e7\u00e3o que desenvolve.<\/p>\n","protected":false},"author":1,"featured_media":0,"parent":0,"menu_order":30,"comment_status":"closed","ping_status":"closed","template":"","meta":{"footnotes":""},"class_list":["post-58","page","type-page","status-publish","hentry"],"_links":{"self":[{"href":"https:\/\/place4all.pt\/index.php?rest_route=\/wp\/v2\/pages\/58","targetHints":{"allow":["GET"]}}],"collection":[{"href":"https:\/\/place4all.pt\/index.php?rest_route=\/wp\/v2\/pages"}],"about":[{"href":"https:\/\/place4all.pt\/index.php?rest_route=\/wp\/v2\/types\/page"}],"author":[{"embeddable":true,"href":"https:\/\/place4all.pt\/index.php?rest_route=\/wp\/v2\/users\/1"}],"replies":[{"embeddable":true,"href":"https:\/\/place4all.pt\/index.php?rest_route=%2Fwp%2Fv2%2Fcomments&post=58"}],"version-history":[{"count":5,"href":"https:\/\/place4all.pt\/index.php?rest_route=\/wp\/v2\/pages\/58\/revisions"}],"predecessor-version":[{"id":321,"href":"https:\/\/place4all.pt\/index.php?rest_route=\/wp\/v2\/pages\/58\/revisions\/321"}],"wp:attachment":[{"href":"https:\/\/place4all.pt\/index.php?rest_route=%2Fwp%2Fv2%2Fmedia&parent=58"}],"curies":[{"name":"wp","href":"https:\/\/api.w.org\/{rel}","templated":true}]}}