{"id":74,"date":"2021-03-03T22:04:27","date_gmt":"2021-03-03T22:04:27","guid":{"rendered":"http:\/\/place4all.pt\/?page_id=74"},"modified":"2021-03-06T17:21:18","modified_gmt":"2021-03-06T17:21:18","slug":"terapia-da-fala","status":"publish","type":"page","link":"https:\/\/place4all.pt\/?page_id=74","title":{"rendered":"Terapia da fala"},"content":{"rendered":"\n<div class=\"wp-block-image\"><figure class=\"aligncenter size-large is-resized\"><img loading=\"lazy\" decoding=\"async\" src=\"https:\/\/place4all.pt\/wp-content\/uploads\/2021\/03\/IMG-20210305-WA0044-1024x576.jpg\" alt=\"\" class=\"wp-image-317\" width=\"768\" height=\"432\" srcset=\"https:\/\/place4all.pt\/wp-content\/uploads\/2021\/03\/IMG-20210305-WA0044-1024x576.jpg 1024w, https:\/\/place4all.pt\/wp-content\/uploads\/2021\/03\/IMG-20210305-WA0044-300x169.jpg 300w, https:\/\/place4all.pt\/wp-content\/uploads\/2021\/03\/IMG-20210305-WA0044-768x432.jpg 768w, https:\/\/place4all.pt\/wp-content\/uploads\/2021\/03\/IMG-20210305-WA0044-1536x864.jpg 1536w, https:\/\/place4all.pt\/wp-content\/uploads\/2021\/03\/IMG-20210305-WA0044-1100x619.jpg 1100w, https:\/\/place4all.pt\/wp-content\/uploads\/2021\/03\/IMG-20210305-WA0044.jpg 1920w\" sizes=\"auto, (max-width: 768px) 100vw, 768px\" \/><\/figure><\/div>\n\n\n\n<p>A Terapia da Fala assume um papel essencial na presta\u00e7\u00e3o de orienta\u00e7\u00f5es, informa\u00e7\u00f5es acerca das diversas etapas do desenvolvimento comunicativo, lingu\u00edstico e da fala.&nbsp;&nbsp;<\/p>\n\n\n\n<p>As \u00e1reas gerais de interven\u00e7\u00e3o do Terapeuta da Fala s\u00e3o:<\/p>\n\n\n\n<p>a) Alimenta\u00e7\u00e3o (mastiga\u00e7\u00e3o e degluti\u00e7\u00e3o);<br>b) Coordena\u00e7\u00e3o respira\u00e7\u00e3o\/suc\u00e7\u00e3o\/degluti\u00e7\u00e3o no beb\u00e9;<br>c) Sensibilidade facial e oral;<br>d) Comunica\u00e7\u00e3o n\u00e3o-verbal (gesto, olhar, m\u00edmica facial, pros\u00f3dia);<br>e) Aten\u00e7\u00e3o m\u00fatua e\/ou conjunta e a intera\u00e7\u00e3o social;<br>f) Articula\u00e7\u00e3o verbal\/fala;<br>g) Consci\u00eancia fonol\u00f3gica (dom\u00ednio dos sons da l\u00edngua);<br>h) Sem\u00e2ntica (expans\u00e3o e explora\u00e7\u00e3o do significado das palavras);<br>i) Morfologia (dom\u00ednio da palavra);<br>j) Sintaxe (dom\u00ednio da frase);<br>k) Estimula\u00e7\u00e3o e promo\u00e7\u00e3o do desenvolvimento global para a escrita;<br>l) Comunica\u00e7\u00e3o;<br>m) Pragm\u00e1tica (uso da linguagem em contexto social);<br>n) Compreens\u00e3o, velocidade e precis\u00e3o leitoras;<br>o) Planeamento e produ\u00e7\u00e3o de linguagem escrita.<\/p>\n\n\n\n<p>O objetivo central \u00e9 a promo\u00e7\u00e3o de uma comunica\u00e7\u00e3o e linguagem eficazes e funcionais da crian\u00e7a, atrav\u00e9s de experi\u00eancias l\u00fadicas e multissensoriais, contribuindo positivamente para a sua participa\u00e7\u00e3o e intera\u00e7\u00e3o social.&nbsp;<\/p>\n","protected":false},"excerpt":{"rendered":"<p>A Terapia da Fala assume um papel essencial na presta\u00e7\u00e3o de orienta\u00e7\u00f5es, informa\u00e7\u00f5es acerca das diversas etapas do desenvolvimento comunicativo, lingu\u00edstico e da fala.&nbsp;&nbsp; As \u00e1reas gerais de interven\u00e7\u00e3o do Terapeuta da Fala s\u00e3o: a)&hellip;<\/p>\n","protected":false},"author":1,"featured_media":0,"parent":29,"menu_order":20,"comment_status":"closed","ping_status":"closed","template":"","meta":{"footnotes":""},"class_list":["post-74","page","type-page","status-publish","hentry"],"_links":{"self":[{"href":"https:\/\/place4all.pt\/index.php?rest_route=\/wp\/v2\/pages\/74","targetHints":{"allow":["GET"]}}],"collection":[{"href":"https:\/\/place4all.pt\/index.php?rest_route=\/wp\/v2\/pages"}],"about":[{"href":"https:\/\/place4all.pt\/index.php?rest_route=\/wp\/v2\/types\/page"}],"author":[{"embeddable":true,"href":"https:\/\/place4all.pt\/index.php?rest_route=\/wp\/v2\/users\/1"}],"replies":[{"embeddable":true,"href":"https:\/\/place4all.pt\/index.php?rest_route=%2Fwp%2Fv2%2Fcomments&post=74"}],"version-history":[{"count":4,"href":"https:\/\/place4all.pt\/index.php?rest_route=\/wp\/v2\/pages\/74\/revisions"}],"predecessor-version":[{"id":442,"href":"https:\/\/place4all.pt\/index.php?rest_route=\/wp\/v2\/pages\/74\/revisions\/442"}],"up":[{"embeddable":true,"href":"https:\/\/place4all.pt\/index.php?rest_route=\/wp\/v2\/pages\/29"}],"wp:attachment":[{"href":"https:\/\/place4all.pt\/index.php?rest_route=%2Fwp%2Fv2%2Fmedia&parent=74"}],"curies":[{"name":"wp","href":"https:\/\/api.w.org\/{rel}","templated":true}]}}