{"id":80,"date":"2021-03-03T22:06:24","date_gmt":"2021-03-03T22:06:24","guid":{"rendered":"http:\/\/place4all.pt\/?page_id=80"},"modified":"2021-03-14T19:48:55","modified_gmt":"2021-03-14T19:48:55","slug":"psicologia","status":"publish","type":"page","link":"https:\/\/place4all.pt\/?page_id=80","title":{"rendered":"Psicologia"},"content":{"rendered":"\n<div class=\"wp-block-image\"><figure class=\"aligncenter size-large is-resized\"><img loading=\"lazy\" decoding=\"async\" src=\"https:\/\/place4all.pt\/wp-content\/uploads\/2021\/03\/TF-1-1024x678.jpg\" alt=\"\" class=\"wp-image-121\" width=\"768\" height=\"509\" srcset=\"https:\/\/place4all.pt\/wp-content\/uploads\/2021\/03\/TF-1-1024x678.jpg 1024w, https:\/\/place4all.pt\/wp-content\/uploads\/2021\/03\/TF-1-300x199.jpg 300w, https:\/\/place4all.pt\/wp-content\/uploads\/2021\/03\/TF-1-768x509.jpg 768w, https:\/\/place4all.pt\/wp-content\/uploads\/2021\/03\/TF-1-1536x1017.jpg 1536w, https:\/\/place4all.pt\/wp-content\/uploads\/2021\/03\/TF-1-2048x1356.jpg 2048w, https:\/\/place4all.pt\/wp-content\/uploads\/2021\/03\/TF-1-1100x728.jpg 1100w\" sizes=\"auto, (max-width: 768px) 100vw, 768px\" \/><\/figure><\/div>\n\n\n\n<p><\/p>\n\n\n\n<p>A Psicologia em contexto escolar tem como objetivo o desenvolvimento de um clima relacional positivo de forma a promover o desenvolvimento global e harmonioso da crian\u00e7a.<\/p>\n\n\n\n<p>As suas \u00e1reas de interven\u00e7\u00e3o s\u00e3o:<\/p>\n\n\n\n<p>a) Dificuldades de aprendizagem;<br>b) Ao n\u00edvel da gest\u00e3o emocional;<br>c) Ao n\u00edvel da cogni\u00e7\u00e3o;<br>d) Ao n\u00edvel da autorregula\u00e7\u00e3o;<br>e) Ao n\u00edvel da gest\u00e3o do comportamento<br>f) Ao n\u00edvel da inclus\u00e3o<br>g) Ao n\u00edvel do apoio \u00e0s fam\u00edlias.<\/p>\n","protected":false},"excerpt":{"rendered":"<p>A Psicologia em contexto escolar tem como objetivo o desenvolvimento de um clima relacional positivo de forma a promover o desenvolvimento global e harmonioso da crian\u00e7a. As suas \u00e1reas de interven\u00e7\u00e3o s\u00e3o: a) Dificuldades de&hellip;<\/p>\n","protected":false},"author":1,"featured_media":0,"parent":29,"menu_order":40,"comment_status":"closed","ping_status":"closed","template":"","meta":{"footnotes":""},"class_list":["post-80","page","type-page","status-publish","hentry"],"_links":{"self":[{"href":"https:\/\/place4all.pt\/index.php?rest_route=\/wp\/v2\/pages\/80","targetHints":{"allow":["GET"]}}],"collection":[{"href":"https:\/\/place4all.pt\/index.php?rest_route=\/wp\/v2\/pages"}],"about":[{"href":"https:\/\/place4all.pt\/index.php?rest_route=\/wp\/v2\/types\/page"}],"author":[{"embeddable":true,"href":"https:\/\/place4all.pt\/index.php?rest_route=\/wp\/v2\/users\/1"}],"replies":[{"embeddable":true,"href":"https:\/\/place4all.pt\/index.php?rest_route=%2Fwp%2Fv2%2Fcomments&post=80"}],"version-history":[{"count":7,"href":"https:\/\/place4all.pt\/index.php?rest_route=\/wp\/v2\/pages\/80\/revisions"}],"predecessor-version":[{"id":606,"href":"https:\/\/place4all.pt\/index.php?rest_route=\/wp\/v2\/pages\/80\/revisions\/606"}],"up":[{"embeddable":true,"href":"https:\/\/place4all.pt\/index.php?rest_route=\/wp\/v2\/pages\/29"}],"wp:attachment":[{"href":"https:\/\/place4all.pt\/index.php?rest_route=%2Fwp%2Fv2%2Fmedia&parent=80"}],"curies":[{"name":"wp","href":"https:\/\/api.w.org\/{rel}","templated":true}]}}